{"id":159,"date":"2024-06-28T14:26:34","date_gmt":"2024-06-28T14:26:34","guid":{"rendered":"https:\/\/turbominesgame.com\/?page_id=159"},"modified":"2024-06-28T14:26:37","modified_gmt":"2024-06-28T14:26:37","slug":"privacy-policy","status":"publish","type":"page","link":"https:\/\/turbominesgame.com\/de\/privacy-policy\/","title":{"rendered":"Datenschutzbestimmungen"},"content":{"rendered":"<h1 class=\"wp-block-heading has-mercury-white-color has-text-color has-link-color wp-elements-ecbf57b880b86c17ee26d44eceae5efa\">Datenschutzbestimmungen<\/h1>\n\n\n\n<p>Zuletzt aktualisiert: Juni 28, 2024<\/p>\n\n\n\n<p>In dieser Datenschutzerkl\u00e4rung werden die Richtlinien und Verfahren f\u00fcr die Erfassung, Verwendung und Weitergabe von personenbezogenen Daten erl\u00e4utert, die wir von den Nutzern von<a href=\"https:\/\/turbominesgame.com\/de\/\"> https:\/\/turbominesgame.com\/<\/a> (im Folgenden als \"Dienst\" bezeichnet). Au\u00dferdem werden darin Ihre Datenschutzrechte und der gesetzlich vorgesehene Schutz dargelegt.<\/p>\n\n\n\n<p>Wir sind bestrebt, Ihre Privatsph\u00e4re zu sch\u00fctzen und zu respektieren. Die erfassten pers\u00f6nlichen Daten werden zur Verbesserung und Bereitstellung des Dienstes verwendet. Indem Sie auf den Dienst zugreifen und ihn nutzen, erkl\u00e4ren Sie sich mit der Erfassung und Nutzung von Informationen wie in dieser Datenschutzrichtlinie beschrieben einverstanden.<\/p>\n\n\n\n<h2 class=\"wp-block-heading\"><strong>Auslegung und Definitionen<\/strong><\/h2>\n\n\n\n<h3 class=\"wp-block-heading\"><strong>Auslegung<\/strong><\/h3>\n\n\n\n<p>Begriffe mit gro\u00dfen Anfangsbuchstaben haben die in dieser Police definierte Bedeutung, unabh\u00e4ngig davon, ob sie in der Einzahl oder Mehrzahl erscheinen.<\/p>\n\n\n\n<h3 class=\"wp-block-heading\"><strong>Definitionen<\/strong><\/h3>\n\n\n\n<p>F\u00fcr die Zwecke dieser Datenschutzrichtlinie:<\/p>\n\n\n\n<ul class=\"wp-block-list\">\n<li><strong>Konto<\/strong>: Ein einzigartiges Konto, das f\u00fcr Sie erstellt wird, um auf unseren Service oder Teile davon zuzugreifen.<\/li>\n\n\n\n<li><strong>Tochtergesellschaft<\/strong>: Ein Unternehmen, das eine Partei beherrscht, von ihr beherrscht wird oder mit ihr unter gemeinsamer Beherrschung steht, wobei \"Beherrschung\" den Besitz von 50% oder mehr der Aktien, Stimmrechte oder anderer Wertpapiere bedeutet.<\/li>\n\n\n\n<li><strong>Unternehmen<\/strong> (in diesem Dokument als \"das Unternehmen\", \"wir\", \"uns\" oder \"unser\" bezeichnet):<a href=\"https:\/\/turbominesgame.com\/de\/\"> https:\/\/turbominesgame.com\/<\/a>.<\/li>\n\n\n\n<li><strong>Cookies<\/strong>: Kleine Dateien, die von einer Website auf Ihrem Computer, Mobilger\u00e4t oder einem anderen Ger\u00e4t gespeichert werden und Daten \u00fcber Ihren Browserverlauf auf dieser Website enthalten.<\/li>\n\n\n\n<li><strong>Land<\/strong>: Vereinigte Staaten.<\/li>\n\n\n\n<li><strong>Ger\u00e4t<\/strong>: Jedes Ger\u00e4t, das auf den Dienst zugreifen kann, z. B. ein Computer, ein Mobiltelefon oder ein digitales Tablet.<\/li>\n\n\n\n<li><strong>Pers\u00f6nliche Daten<\/strong>: Informationen, die eine Person identifizieren oder zur Identifizierung einer Person verwendet werden k\u00f6nnen.<\/li>\n\n\n\n<li><strong>Dienstanbieter<\/strong>: Jede nat\u00fcrliche oder juristische Person, die Daten im Auftrag des Unternehmens verarbeitet, einschlie\u00dflich Drittunternehmen oder vom Unternehmen besch\u00e4ftigte Personen.<\/li>\n\n\n\n<li><strong>Verwendungsdaten<\/strong>: Automatisch erfasste Daten, die durch die Nutzung des Dienstes oder durch die Infrastruktur des Dienstes selbst erzeugt werden.<\/li>\n\n\n\n<li><strong>Sie<\/strong>: Die Person, die auf den Dienst zugreift oder ihn nutzt, oder das Unternehmen oder die andere juristische Person, in deren Namen diese Person auf den Dienst zugreift oder ihn nutzt.<\/li>\n<\/ul>\n\n\n\n<h2 class=\"wp-block-heading\"><strong>Erfassung und Verwendung Ihrer pers\u00f6nlichen Daten<\/strong><\/h2>\n\n\n\n<h3 class=\"wp-block-heading\"><strong>Arten von gesammelten Daten<\/strong><\/h3>\n\n\n\n<h4 class=\"wp-block-heading has-mercury-white-color has-text-color has-link-color wp-elements-43d462929679fb9a206e0ce4ff6c641a\"><strong>Pers\u00f6nliche Informationen<\/strong><\/h4>\n\n\n\n<p>Bei der Nutzung unseres Dienstes k\u00f6nnen wir Sie bitten, uns bestimmte personenbezogene Daten mitzuteilen, die dazu verwendet werden k\u00f6nnen, Sie zu kontaktieren oder zu identifizieren. Dazu k\u00f6nnen unter anderem Ihre E-Mail-Adresse und Telefonnummer geh\u00f6ren.<\/p>\n\n\n\n<h4 class=\"wp-block-heading has-mercury-white-color has-text-color has-link-color wp-elements-f73df151d86febaad92d13b006b3a710\"><strong>Verwendungsdaten<\/strong><\/h4>\n\n\n\n<p>Nutzungsdaten werden bei der Nutzung des Dienstes automatisch erfasst. Dazu k\u00f6nnen Informationen wie die Internetprotokolladresse (IP) Ihres Ger\u00e4ts, der Browsertyp, die Browserversion, die von Ihnen besuchten Seiten unseres Dienstes, die Uhrzeit und das Datum Ihres Besuchs, die auf diesen Seiten verbrachte Zeit, eindeutige Ger\u00e4tekennungen und andere Diagnosedaten geh\u00f6ren.<\/p>\n\n\n\n<h4 class=\"wp-block-heading has-mercury-white-color has-text-color has-link-color wp-elements-62b381de78f7d28e28e11f319de4d7e4\"><strong>Tracking-Technologien und Cookies<\/strong><\/h4>\n\n\n\n<p>Wir verwenden Cookies und \u00e4hnliche Tracking-Technologien, um die Aktivit\u00e4ten in unserem Dienst zu verfolgen und bestimmte Informationen zu speichern. Cookies sind Dateien mit einer kleinen Menge an Daten, die eine anonyme eindeutige Kennung enthalten k\u00f6nnen. Cookies werden von einer Website an Ihren Browser gesendet und auf Ihrem Ger\u00e4t gespeichert.<\/p>\n\n\n\n<h3 class=\"wp-block-heading\"><strong>Verwendung Ihrer pers\u00f6nlichen Daten<\/strong><\/h3>\n\n\n\n<p>Das Unternehmen kann personenbezogene Daten f\u00fcr die folgenden Zwecke verwenden:<\/p>\n\n\n\n<ul class=\"wp-block-list\">\n<li><strong>Zur Bereitstellung und Aufrechterhaltung unseres Dienstes<\/strong>einschlie\u00dflich der \u00dcberwachung der Nutzung unseres Dienstes.<\/li>\n\n\n\n<li><strong>So verwalten Sie Ihr Konto<\/strong>: Ihre pers\u00f6nlichen Daten k\u00f6nnen Ihnen Zugang zu verschiedenen Funktionen des Dienstes verschaffen, die registrierten Benutzern zur Verf\u00fcgung stehen.<\/li>\n\n\n\n<li><strong>F\u00fcr Unternehmens\u00fcbertragungen<\/strong>: Wir k\u00f6nnen Ihre Daten verwenden, um eine Fusion, einen Verkauf von Verm\u00f6genswerten oder eine \u00dcbernahme zu bewerten oder durchzuf\u00fchren.<\/li>\n\n\n\n<li><strong>Kundenunterst\u00fctzung bieten<\/strong>zu verbessern, die Datensicherheit zu erh\u00f6hen und Betrug zu verhindern.<\/li>\n<\/ul>\n\n\n\n<h3 class=\"wp-block-heading\"><strong>Offenlegung Ihrer pers\u00f6nlichen Daten<\/strong><\/h3>\n\n\n\n<p>Wir k\u00f6nnen Ihre personenbezogenen Daten in den folgenden Situationen weitergeben:<\/p>\n\n\n\n<ul class=\"wp-block-list\">\n<li><strong>Mit Dienstleistern<\/strong>: Wir teilen Ihre pers\u00f6nlichen Daten mit Dienstanbietern, um die Nutzung unseres Dienstes zu \u00fcberwachen und zu analysieren.<\/li>\n\n\n\n<li><strong>F\u00fcr Unternehmens\u00fcbertragungen<\/strong>: Wir k\u00f6nnen Ihre pers\u00f6nlichen Daten in Verbindung mit oder w\u00e4hrend der Verhandlungen \u00fcber eine Fusion, den Verkauf von Unternehmensverm\u00f6gen, eine Finanzierung oder die \u00dcbernahme unseres gesamten oder eines Teils unseres Unternehmens durch ein anderes Unternehmen weitergeben oder \u00fcbertragen.<\/li>\n\n\n\n<li><strong>Mit Affiliates<\/strong>: Es kann sein, dass wir Ihre Daten an unsere Tochtergesellschaften weitergeben; in diesem Fall verpflichten wir diese Tochtergesellschaften, diese Datenschutzrichtlinie einzuhalten.<\/li>\n\n\n\n<li><strong>Mit Gesch\u00e4ftspartnern<\/strong>: Um Ihnen bestimmte Produkte, Dienstleistungen oder Werbeaktionen anzubieten.<\/li>\n<\/ul>\n\n\n\n<h3 class=\"wp-block-heading\"><strong>Aufbewahrung Ihrer pers\u00f6nlichen Daten<\/strong><\/h3>\n\n\n\n<p>Das Unternehmen wird Ihre pers\u00f6nlichen Daten nur so lange aufbewahren, wie es f\u00fcr die in dieser Datenschutzrichtlinie genannten Zwecke erforderlich ist. Wir werden Ihre personenbezogenen Daten in dem Umfang aufbewahren und verwenden, der erforderlich ist, um unseren rechtlichen Verpflichtungen nachzukommen, Streitigkeiten beizulegen und unsere rechtlichen Vereinbarungen und Richtlinien durchzusetzen.<\/p>\n\n\n\n<h3 class=\"wp-block-heading\"><strong>Sicherheit Ihrer pers\u00f6nlichen Daten<\/strong><\/h3>\n\n\n\n<p>Die Sicherheit Ihrer pers\u00f6nlichen Daten ist f\u00fcr uns wichtig. Keine Methode der \u00dcbertragung \u00fcber das Internet oder der elektronischen Speicherung ist jedoch 100% sicher. Auch wenn wir uns bem\u00fchen, Ihre personenbezogenen Daten mit wirtschaftlich vertretbaren Mitteln zu sch\u00fctzen, k\u00f6nnen wir ihre absolute Sicherheit nicht garantieren.<\/p>\n\n\n\n<h2 class=\"wp-block-heading\"><strong>Kontakt<\/strong><\/h2>\n\n\n\n<p>Wenn Sie Fragen zu dieser Datenschutzrichtlinie haben, wenden Sie sich bitte an <a href=\"https:\/\/turbominesgame.com\/de\/contact-us\/\">Kontaktieren Sie uns<\/a>.<\/p>","protected":false},"excerpt":{"rendered":"<p>Datenschutzrichtlinie Zuletzt aktualisiert: 28. Juni 2024 Diese Datenschutzrichtlinie erl\u00e4utert die Richtlinien und Verfahren bez\u00fcglich der Erfassung, Verwendung und Weitergabe von pers\u00f6nlichen Daten, die wir von Nutzern von https:\/\/turbominesgame.com\/ (im Folgenden als \"Dienst\" bezeichnet) erhalten. Au\u00dferdem werden darin Ihre Datenschutzrechte und der gesetzlich vorgesehene Schutz dargelegt. Wir verpflichten uns, Ihre Daten zu sch\u00fctzen und zu respektieren [...]<\/p>","protected":false},"author":1,"featured_media":0,"parent":0,"menu_order":0,"comment_status":"closed","ping_status":"closed","template":"page-without-title.php","meta":{"footnotes":""},"class_list":["post-159","page","type-page","status-publish","hentry"],"yoast_head":"<!-- This site is optimized with the Yoast SEO plugin v20.12 - https:\/\/yoast.com\/wordpress\/plugins\/seo\/ -->\n<title>Privacy Policy | turbominesgame.com<\/title>\n<meta name=\"description\" content=\"Learn about how we collect, use and protect your personal information and the measures we take to keep your data secure.\" \/>\n<meta name=\"robots\" content=\"index, follow, max-snippet:-1, max-image-preview:large, max-video-preview:-1\" \/>\n<link rel=\"canonical\" href=\"https:\/\/turbominesgame.com\/de\/privacy-policy\/\" \/>\n<meta property=\"og:locale\" content=\"de_DE\" \/>\n<meta property=\"og:type\" content=\"article\" \/>\n<meta property=\"og:title\" content=\"Privacy Policy | turbominesgame.com\" \/>\n<meta property=\"og:description\" content=\"Learn about how we collect, use and protect your personal information and the measures we take to keep your data secure.\" \/>\n<meta property=\"og:url\" content=\"https:\/\/turbominesgame.com\/de\/privacy-policy\/\" \/>\n<meta property=\"og:site_name\" content=\"Mines by Turbo Games\" \/>\n<meta property=\"article:modified_time\" content=\"2024-06-28T14:26:37+00:00\" \/>\n<meta name=\"twitter:card\" content=\"summary_large_image\" \/>\n<meta name=\"twitter:label1\" content=\"Gesch\u00e4tzte Lesezeit\" \/>\n\t<meta name=\"twitter:data1\" content=\"4\u00a0Minuten\" \/>\n<script type=\"application\/ld+json\" class=\"yoast-schema-graph\">{\"@context\":\"https:\/\/schema.org\",\"@graph\":[{\"@type\":\"WebPage\",\"@id\":\"https:\/\/turbominesgame.com\/privacy-policy\/\",\"url\":\"https:\/\/turbominesgame.com\/privacy-policy\/\",\"name\":\"Privacy Policy | turbominesgame.com\",\"isPartOf\":{\"@id\":\"https:\/\/turbominesgame.com\/#website\"},\"datePublished\":\"2024-06-28T14:26:34+00:00\",\"dateModified\":\"2024-06-28T14:26:37+00:00\",\"description\":\"Learn about how we collect, use and protect your personal information and the measures we take to keep your data secure.\",\"breadcrumb\":{\"@id\":\"https:\/\/turbominesgame.com\/privacy-policy\/#breadcrumb\"},\"inLanguage\":\"de\",\"potentialAction\":[{\"@type\":\"ReadAction\",\"target\":[\"https:\/\/turbominesgame.com\/privacy-policy\/\"]}]},{\"@type\":\"BreadcrumbList\",\"@id\":\"https:\/\/turbominesgame.com\/privacy-policy\/#breadcrumb\",\"itemListElement\":[{\"@type\":\"ListItem\",\"position\":1,\"name\":\"Home\",\"item\":\"https:\/\/turbominesgame.com\/\"},{\"@type\":\"ListItem\",\"position\":2,\"name\":\"Privacy Policy\"}]},{\"@type\":\"WebSite\",\"@id\":\"https:\/\/turbominesgame.com\/#website\",\"url\":\"https:\/\/turbominesgame.com\/\",\"name\":\"Mines by Turbo Games\",\"description\":\"Turbo Games Mines\",\"publisher\":{\"@id\":\"https:\/\/turbominesgame.com\/#organization\"},\"potentialAction\":[{\"@type\":\"SearchAction\",\"target\":{\"@type\":\"EntryPoint\",\"urlTemplate\":\"https:\/\/turbominesgame.com\/?s={search_term_string}\"},\"query-input\":\"required name=search_term_string\"}],\"inLanguage\":\"de\"},{\"@type\":\"Organization\",\"@id\":\"https:\/\/turbominesgame.com\/#organization\",\"name\":\"Mines by Turbo Games\",\"url\":\"https:\/\/turbominesgame.com\/\",\"logo\":{\"@type\":\"ImageObject\",\"inLanguage\":\"de\",\"@id\":\"https:\/\/turbominesgame.com\/#\/schema\/logo\/image\/\",\"url\":\"https:\/\/turbominesgame.com\/wp-content\/uploads\/2023\/07\/Mines-by-Turbo-Games-logo.png\",\"contentUrl\":\"https:\/\/turbominesgame.com\/wp-content\/uploads\/2023\/07\/Mines-by-Turbo-Games-logo.png\",\"width\":300,\"height\":178,\"caption\":\"Mines by Turbo Games\"},\"image\":{\"@id\":\"https:\/\/turbominesgame.com\/#\/schema\/logo\/image\/\"}}]}<\/script>\n<!-- \/ Yoast SEO plugin. -->","yoast_head_json":{"title":"Privacy Policy | turbominesgame.com","description":"Learn about how we collect, use and protect your personal information and the measures we take to keep your data secure.","robots":{"index":"index","follow":"follow","max-snippet":"max-snippet:-1","max-image-preview":"max-image-preview:large","max-video-preview":"max-video-preview:-1"},"canonical":"https:\/\/turbominesgame.com\/de\/privacy-policy\/","og_locale":"de_DE","og_type":"article","og_title":"Privacy Policy | turbominesgame.com","og_description":"Learn about how we collect, use and protect your personal information and the measures we take to keep your data secure.","og_url":"https:\/\/turbominesgame.com\/de\/privacy-policy\/","og_site_name":"Mines by Turbo Games","article_modified_time":"2024-06-28T14:26:37+00:00","twitter_card":"summary_large_image","twitter_misc":{"Gesch\u00e4tzte Lesezeit":"4\u00a0Minuten"},"schema":{"@context":"https:\/\/schema.org","@graph":[{"@type":"WebPage","@id":"https:\/\/turbominesgame.com\/privacy-policy\/","url":"https:\/\/turbominesgame.com\/privacy-policy\/","name":"Privacy Policy | turbominesgame.com","isPartOf":{"@id":"https:\/\/turbominesgame.com\/#website"},"datePublished":"2024-06-28T14:26:34+00:00","dateModified":"2024-06-28T14:26:37+00:00","description":"Learn about how we collect, use and protect your personal information and the measures we take to keep your data secure.","breadcrumb":{"@id":"https:\/\/turbominesgame.com\/privacy-policy\/#breadcrumb"},"inLanguage":"de","potentialAction":[{"@type":"ReadAction","target":["https:\/\/turbominesgame.com\/privacy-policy\/"]}]},{"@type":"BreadcrumbList","@id":"https:\/\/turbominesgame.com\/privacy-policy\/#breadcrumb","itemListElement":[{"@type":"ListItem","position":1,"name":"Home","item":"https:\/\/turbominesgame.com\/"},{"@type":"ListItem","position":2,"name":"Privacy Policy"}]},{"@type":"WebSite","@id":"https:\/\/turbominesgame.com\/#website","url":"https:\/\/turbominesgame.com\/","name":"Mines by Turbo Games","description":"Turbo Games Mines","publisher":{"@id":"https:\/\/turbominesgame.com\/#organization"},"potentialAction":[{"@type":"SearchAction","target":{"@type":"EntryPoint","urlTemplate":"https:\/\/turbominesgame.com\/?s={search_term_string}"},"query-input":"required name=search_term_string"}],"inLanguage":"de"},{"@type":"Organization","@id":"https:\/\/turbominesgame.com\/#organization","name":"Mines by Turbo Games","url":"https:\/\/turbominesgame.com\/","logo":{"@type":"ImageObject","inLanguage":"de","@id":"https:\/\/turbominesgame.com\/#\/schema\/logo\/image\/","url":"https:\/\/turbominesgame.com\/wp-content\/uploads\/2023\/07\/Mines-by-Turbo-Games-logo.png","contentUrl":"https:\/\/turbominesgame.com\/wp-content\/uploads\/2023\/07\/Mines-by-Turbo-Games-logo.png","width":300,"height":178,"caption":"Mines by Turbo Games"},"image":{"@id":"https:\/\/turbominesgame.com\/#\/schema\/logo\/image\/"}}]}},"_links":{"self":[{"href":"https:\/\/turbominesgame.com\/de\/wp-json\/wp\/v2\/pages\/159","targetHints":{"allow":["GET"]}}],"collection":[{"href":"https:\/\/turbominesgame.com\/de\/wp-json\/wp\/v2\/pages"}],"about":[{"href":"https:\/\/turbominesgame.com\/de\/wp-json\/wp\/v2\/types\/page"}],"author":[{"embeddable":true,"href":"https:\/\/turbominesgame.com\/de\/wp-json\/wp\/v2\/users\/1"}],"replies":[{"embeddable":true,"href":"https:\/\/turbominesgame.com\/de\/wp-json\/wp\/v2\/comments?post=159"}],"version-history":[{"count":3,"href":"https:\/\/turbominesgame.com\/de\/wp-json\/wp\/v2\/pages\/159\/revisions"}],"predecessor-version":[{"id":184,"href":"https:\/\/turbominesgame.com\/de\/wp-json\/wp\/v2\/pages\/159\/revisions\/184"}],"wp:attachment":[{"href":"https:\/\/turbominesgame.com\/de\/wp-json\/wp\/v2\/media?parent=159"}],"curies":[{"name":"wp","href":"https:\/\/api.w.org\/{rel}","templated":true}]}}