{"id":159,"date":"2024-06-28T14:26:34","date_gmt":"2024-06-28T14:26:34","guid":{"rendered":"https:\/\/turbominesgame.com\/?page_id=159"},"modified":"2024-06-28T14:26:37","modified_gmt":"2024-06-28T14:26:37","slug":"privacy-policy","status":"publish","type":"page","link":"https:\/\/turbominesgame.com\/es\/privacy-policy\/","title":{"rendered":"Pol\u00edtica de privacidad"},"content":{"rendered":"<h1 class=\"wp-block-heading has-mercury-white-color has-text-color has-link-color wp-elements-ecbf57b880b86c17ee26d44eceae5efa\">Pol\u00edtica de privacidad<\/h1>\n\n\n\n<p>\u00daltima actualizaci\u00f3n: 28 de junio de 2024<\/p>\n\n\n\n<p>Esta Pol\u00edtica de Privacidad explica las pol\u00edticas y procedimientos relativos a la recogida, uso y divulgaci\u00f3n de la informaci\u00f3n personal que recibimos de los usuarios de<a href=\"https:\/\/turbominesgame.com\/es\/\"> https:\/\/turbominesgame.com\/<\/a> (en adelante, el \"Servicio\"). Tambi\u00e9n describe sus derechos de privacidad y las protecciones previstas por la ley.<\/p>\n\n\n\n<p>Nos comprometemos a proteger y respetar su privacidad. Los datos personales recogidos se utilizan para mejorar y prestar el Servicio. Al acceder y utilizar el Servicio, usted acepta la recopilaci\u00f3n y el uso de la informaci\u00f3n tal y como se describe en esta Pol\u00edtica de privacidad.<\/p>\n\n\n\n<h2 class=\"wp-block-heading\"><strong>Interpretaci\u00f3n y definiciones<\/strong><\/h2>\n\n\n\n<h3 class=\"wp-block-heading\"><strong>Interpretaci\u00f3n<\/strong><\/h3>\n\n\n\n<p>Los t\u00e9rminos con inicial may\u00fascula tienen los significados definidos en esta pol\u00edtica, tanto si aparecen en singular como en plural.<\/p>\n\n\n\n<h3 class=\"wp-block-heading\"><strong>Definiciones<\/strong><\/h3>\n\n\n\n<p>A efectos de la presente Pol\u00edtica de Privacidad:<\/p>\n\n\n\n<ul class=\"wp-block-list\">\n<li><strong>Cuenta<\/strong>: Una cuenta \u00fanica creada para que usted pueda acceder a nuestro Servicio o a partes de nuestro Servicio.<\/li>\n\n\n\n<li><strong>Afiliado<\/strong>: Una entidad que controla, es controlada por, o est\u00e1 bajo control com\u00fan con una parte, donde \"control\" significa la propiedad de 50% o m\u00e1s de las acciones, derechos de voto u otros valores.<\/li>\n\n\n\n<li><strong>Empresa<\/strong> (denominados \"la Empresa\", \"Nosotros\", \"Nos\" o \"Nuestro\" en este documento):<a href=\"https:\/\/turbominesgame.com\/es\/\"> https:\/\/turbominesgame.com\/<\/a>.<\/li>\n\n\n\n<li><strong>Cookies<\/strong>: Peque\u00f1os archivos colocados en su ordenador, dispositivo m\u00f3vil o cualquier otro dispositivo por un sitio web, que contienen datos sobre su historial de navegaci\u00f3n en ese sitio web.<\/li>\n\n\n\n<li><strong>Pa\u00eds<\/strong>: Estados Unidos.<\/li>\n\n\n\n<li><strong>Dispositivo<\/strong>: Cualquier dispositivo que pueda acceder al Servicio, como un ordenador, un tel\u00e9fono m\u00f3vil o una tableta digital.<\/li>\n\n\n\n<li><strong>Datos personales<\/strong>: Informaci\u00f3n que identifica o puede utilizarse para identificar a una persona.<\/li>\n\n\n\n<li><strong>Proveedor de servicios<\/strong>: Cualquier persona f\u00edsica o jur\u00eddica que procese datos por cuenta de la Empresa, incluidas terceras empresas o personas empleadas por la Empresa.<\/li>\n\n\n\n<li><strong>Datos de uso<\/strong>: Datos recogidos autom\u00e1ticamente, generados por el uso del Servicio o de la propia infraestructura del Servicio.<\/li>\n\n\n\n<li><strong>Usted<\/strong>: La persona f\u00edsica que accede o utiliza el Servicio, o la empresa u otra entidad jur\u00eddica en nombre de la cual dicha persona f\u00edsica accede o utiliza el Servicio.<\/li>\n<\/ul>\n\n\n\n<h2 class=\"wp-block-heading\"><strong>Recogida y uso de sus datos personales<\/strong><\/h2>\n\n\n\n<h3 class=\"wp-block-heading\"><strong>Tipos de datos recogidos<\/strong><\/h3>\n\n\n\n<h4 class=\"wp-block-heading has-mercury-white-color has-text-color has-link-color wp-elements-43d462929679fb9a206e0ce4ff6c641a\"><strong>Informaci\u00f3n personal<\/strong><\/h4>\n\n\n\n<p>Al utilizar nuestro Servicio, es posible que le pidamos que nos proporcione cierta informaci\u00f3n de identificaci\u00f3n personal que pueda utilizarse para ponernos en contacto con usted o identificarle. Esto puede incluir, entre otros, su direcci\u00f3n de correo electr\u00f3nico y su n\u00famero de tel\u00e9fono.<\/p>\n\n\n\n<h4 class=\"wp-block-heading has-mercury-white-color has-text-color has-link-color wp-elements-f73df151d86febaad92d13b006b3a710\"><strong>Datos de uso<\/strong><\/h4>\n\n\n\n<p>Los Datos de Uso se recogen autom\u00e1ticamente al utilizar el Servicio. Esto puede incluir informaci\u00f3n como la direcci\u00f3n de Protocolo de Internet (IP) de su Dispositivo, el tipo de navegador, la versi\u00f3n del navegador, las p\u00e1ginas de nuestro Servicio que visita, la hora y la fecha de su visita, el tiempo empleado en esas p\u00e1ginas, identificadores \u00fanicos de dispositivos y otros datos de diagn\u00f3stico.<\/p>\n\n\n\n<h4 class=\"wp-block-heading has-mercury-white-color has-text-color has-link-color wp-elements-62b381de78f7d28e28e11f319de4d7e4\"><strong>Tecnolog\u00edas de seguimiento y cookies<\/strong><\/h4>\n\n\n\n<p>Utilizamos cookies y tecnolog\u00edas de seguimiento similares para rastrear la actividad en nuestro Servicio y conservar cierta informaci\u00f3n. Las cookies son archivos con una peque\u00f1a cantidad de datos que pueden incluir un identificador \u00fanico an\u00f3nimo. Las cookies se env\u00edan a su navegador desde un sitio web y se almacenan en su dispositivo.<\/p>\n\n\n\n<h3 class=\"wp-block-heading\"><strong>Uso de sus datos personales<\/strong><\/h3>\n\n\n\n<p>La Empresa podr\u00e1 utilizar los Datos Personales para los siguientes fines:<\/p>\n\n\n\n<ul class=\"wp-block-list\">\n<li><strong>Para prestar y mantener nuestro Servicio<\/strong>incluyendo la supervisi\u00f3n del uso de nuestro Servicio.<\/li>\n\n\n\n<li><strong>Para gestionar su cuenta<\/strong>: Sus Datos Personales pueden darle acceso a diferentes funcionalidades del Servicio disponibles para los usuarios registrados.<\/li>\n\n\n\n<li><strong>Para las transmisiones de empresas<\/strong>: Podemos utilizar su informaci\u00f3n para evaluar o llevar a cabo una fusi\u00f3n, venta de activos o adquisici\u00f3n.<\/li>\n\n\n\n<li><strong>Prestar asistencia al cliente<\/strong>mejorar la seguridad de los datos y prevenir el fraude.<\/li>\n<\/ul>\n\n\n\n<h3 class=\"wp-block-heading\"><strong>Divulgaci\u00f3n de sus datos personales<\/strong><\/h3>\n\n\n\n<p>Podemos compartir su informaci\u00f3n personal en las siguientes situaciones:<\/p>\n\n\n\n<ul class=\"wp-block-list\">\n<li><strong>Con los proveedores de servicios<\/strong>: Compartimos su informaci\u00f3n personal con proveedores de servicios para supervisar y analizar el uso de nuestro servicio.<\/li>\n\n\n\n<li><strong>Para transferencias de empresas<\/strong>: Podemos compartir o transferir su informaci\u00f3n personal en relaci\u00f3n con, o durante las negociaciones de, cualquier fusi\u00f3n, venta de activos de la empresa, financiaci\u00f3n o adquisici\u00f3n de la totalidad o una parte de nuestro negocio a otra empresa.<\/li>\n\n\n\n<li><strong>Con los afiliados<\/strong>: Podemos compartir su informaci\u00f3n con nuestras filiales, en cuyo caso exigiremos a dichas filiales que respeten la presente Pol\u00edtica de Privacidad.<\/li>\n\n\n\n<li><strong>Con socios comerciales<\/strong>: Para ofrecerle determinados productos, servicios o promociones.<\/li>\n<\/ul>\n\n\n\n<h3 class=\"wp-block-heading\"><strong>Conservaci\u00f3n de sus datos personales<\/strong><\/h3>\n\n\n\n<p>La Empresa conservar\u00e1 sus Datos Personales s\u00f3lo durante el tiempo que sea necesario para los fines establecidos en esta Pol\u00edtica de Privacidad. Conservaremos y utilizaremos sus Datos Personales en la medida necesaria para cumplir con nuestras obligaciones legales, resolver conflictos y hacer cumplir nuestros acuerdos y pol\u00edticas legales.<\/p>\n\n\n\n<h3 class=\"wp-block-heading\"><strong>Seguridad de sus datos personales<\/strong><\/h3>\n\n\n\n<p>La seguridad de sus Datos Personales es importante para nosotros. Sin embargo, ning\u00fan m\u00e9todo de transmisi\u00f3n por Internet o de almacenamiento electr\u00f3nico es 100% seguro. Aunque nos esforzamos por utilizar medios comercialmente aceptables para proteger sus Datos Personales, no podemos garantizar su seguridad absoluta.<\/p>\n\n\n\n<h2 class=\"wp-block-heading\"><strong>Contacte con nosotros<\/strong><\/h2>\n\n\n\n<p>Si tiene alguna pregunta sobre esta Pol\u00edtica de Privacidad, por favor <a href=\"https:\/\/turbominesgame.com\/es\/contact-us\/\">Contacto<\/a>.<\/p>","protected":false},"excerpt":{"rendered":"<p>Pol\u00edtica de privacidad \u00daltima actualizaci\u00f3n: 28 de junio de 2024 Esta Pol\u00edtica de Privacidad explica las pol\u00edticas y procedimientos relativos a la recopilaci\u00f3n, uso y divulgaci\u00f3n de la informaci\u00f3n personal que recibimos de los usuarios de https:\/\/turbominesgame.com\/ (en adelante, el \"Servicio\"). Tambi\u00e9n describe sus derechos de privacidad y las protecciones previstas por la ley. Nos dedicamos a proteger y respetar [...]<\/p>","protected":false},"author":1,"featured_media":0,"parent":0,"menu_order":0,"comment_status":"closed","ping_status":"closed","template":"page-without-title.php","meta":{"footnotes":""},"class_list":["post-159","page","type-page","status-publish","hentry"],"yoast_head":"<!-- This site is optimized with the Yoast SEO plugin v20.12 - https:\/\/yoast.com\/wordpress\/plugins\/seo\/ -->\n<title>Privacy Policy | turbominesgame.com<\/title>\n<meta name=\"description\" content=\"Learn about how we collect, use and protect your personal information and the measures we take to keep your data secure.\" \/>\n<meta name=\"robots\" content=\"index, follow, max-snippet:-1, max-image-preview:large, max-video-preview:-1\" \/>\n<link rel=\"canonical\" href=\"https:\/\/turbominesgame.com\/es\/privacy-policy\/\" \/>\n<meta property=\"og:locale\" content=\"es_ES\" \/>\n<meta property=\"og:type\" content=\"article\" \/>\n<meta property=\"og:title\" content=\"Privacy Policy | turbominesgame.com\" \/>\n<meta property=\"og:description\" content=\"Learn about how we collect, use and protect your personal information and the measures we take to keep your data secure.\" \/>\n<meta property=\"og:url\" content=\"https:\/\/turbominesgame.com\/es\/privacy-policy\/\" \/>\n<meta property=\"og:site_name\" content=\"Mines by Turbo Games\" \/>\n<meta property=\"article:modified_time\" content=\"2024-06-28T14:26:37+00:00\" \/>\n<meta name=\"twitter:card\" content=\"summary_large_image\" \/>\n<meta name=\"twitter:label1\" content=\"Tiempo de lectura\" \/>\n\t<meta name=\"twitter:data1\" content=\"4 minutos\" \/>\n<script type=\"application\/ld+json\" class=\"yoast-schema-graph\">{\"@context\":\"https:\/\/schema.org\",\"@graph\":[{\"@type\":\"WebPage\",\"@id\":\"https:\/\/turbominesgame.com\/privacy-policy\/\",\"url\":\"https:\/\/turbominesgame.com\/privacy-policy\/\",\"name\":\"Privacy Policy | turbominesgame.com\",\"isPartOf\":{\"@id\":\"https:\/\/turbominesgame.com\/#website\"},\"datePublished\":\"2024-06-28T14:26:34+00:00\",\"dateModified\":\"2024-06-28T14:26:37+00:00\",\"description\":\"Learn about how we collect, use and protect your personal information and the measures we take to keep your data secure.\",\"breadcrumb\":{\"@id\":\"https:\/\/turbominesgame.com\/privacy-policy\/#breadcrumb\"},\"inLanguage\":\"es\",\"potentialAction\":[{\"@type\":\"ReadAction\",\"target\":[\"https:\/\/turbominesgame.com\/privacy-policy\/\"]}]},{\"@type\":\"BreadcrumbList\",\"@id\":\"https:\/\/turbominesgame.com\/privacy-policy\/#breadcrumb\",\"itemListElement\":[{\"@type\":\"ListItem\",\"position\":1,\"name\":\"Home\",\"item\":\"https:\/\/turbominesgame.com\/\"},{\"@type\":\"ListItem\",\"position\":2,\"name\":\"Privacy Policy\"}]},{\"@type\":\"WebSite\",\"@id\":\"https:\/\/turbominesgame.com\/#website\",\"url\":\"https:\/\/turbominesgame.com\/\",\"name\":\"Mines by Turbo Games\",\"description\":\"Turbo Games Mines\",\"publisher\":{\"@id\":\"https:\/\/turbominesgame.com\/#organization\"},\"potentialAction\":[{\"@type\":\"SearchAction\",\"target\":{\"@type\":\"EntryPoint\",\"urlTemplate\":\"https:\/\/turbominesgame.com\/?s={search_term_string}\"},\"query-input\":\"required name=search_term_string\"}],\"inLanguage\":\"es\"},{\"@type\":\"Organization\",\"@id\":\"https:\/\/turbominesgame.com\/#organization\",\"name\":\"Mines by Turbo Games\",\"url\":\"https:\/\/turbominesgame.com\/\",\"logo\":{\"@type\":\"ImageObject\",\"inLanguage\":\"es\",\"@id\":\"https:\/\/turbominesgame.com\/#\/schema\/logo\/image\/\",\"url\":\"https:\/\/turbominesgame.com\/wp-content\/uploads\/2023\/07\/Mines-by-Turbo-Games-logo.png\",\"contentUrl\":\"https:\/\/turbominesgame.com\/wp-content\/uploads\/2023\/07\/Mines-by-Turbo-Games-logo.png\",\"width\":300,\"height\":178,\"caption\":\"Mines by Turbo Games\"},\"image\":{\"@id\":\"https:\/\/turbominesgame.com\/#\/schema\/logo\/image\/\"}}]}<\/script>\n<!-- \/ Yoast SEO plugin. -->","yoast_head_json":{"title":"Privacy Policy | turbominesgame.com","description":"Learn about how we collect, use and protect your personal information and the measures we take to keep your data secure.","robots":{"index":"index","follow":"follow","max-snippet":"max-snippet:-1","max-image-preview":"max-image-preview:large","max-video-preview":"max-video-preview:-1"},"canonical":"https:\/\/turbominesgame.com\/es\/privacy-policy\/","og_locale":"es_ES","og_type":"article","og_title":"Privacy Policy | turbominesgame.com","og_description":"Learn about how we collect, use and protect your personal information and the measures we take to keep your data secure.","og_url":"https:\/\/turbominesgame.com\/es\/privacy-policy\/","og_site_name":"Mines by Turbo Games","article_modified_time":"2024-06-28T14:26:37+00:00","twitter_card":"summary_large_image","twitter_misc":{"Tiempo de lectura":"4 minutos"},"schema":{"@context":"https:\/\/schema.org","@graph":[{"@type":"WebPage","@id":"https:\/\/turbominesgame.com\/privacy-policy\/","url":"https:\/\/turbominesgame.com\/privacy-policy\/","name":"Privacy Policy | turbominesgame.com","isPartOf":{"@id":"https:\/\/turbominesgame.com\/#website"},"datePublished":"2024-06-28T14:26:34+00:00","dateModified":"2024-06-28T14:26:37+00:00","description":"Learn about how we collect, use and protect your personal information and the measures we take to keep your data secure.","breadcrumb":{"@id":"https:\/\/turbominesgame.com\/privacy-policy\/#breadcrumb"},"inLanguage":"es","potentialAction":[{"@type":"ReadAction","target":["https:\/\/turbominesgame.com\/privacy-policy\/"]}]},{"@type":"BreadcrumbList","@id":"https:\/\/turbominesgame.com\/privacy-policy\/#breadcrumb","itemListElement":[{"@type":"ListItem","position":1,"name":"Home","item":"https:\/\/turbominesgame.com\/"},{"@type":"ListItem","position":2,"name":"Privacy Policy"}]},{"@type":"WebSite","@id":"https:\/\/turbominesgame.com\/#website","url":"https:\/\/turbominesgame.com\/","name":"Mines by Turbo Games","description":"Turbo Games Mines","publisher":{"@id":"https:\/\/turbominesgame.com\/#organization"},"potentialAction":[{"@type":"SearchAction","target":{"@type":"EntryPoint","urlTemplate":"https:\/\/turbominesgame.com\/?s={search_term_string}"},"query-input":"required name=search_term_string"}],"inLanguage":"es"},{"@type":"Organization","@id":"https:\/\/turbominesgame.com\/#organization","name":"Mines by Turbo Games","url":"https:\/\/turbominesgame.com\/","logo":{"@type":"ImageObject","inLanguage":"es","@id":"https:\/\/turbominesgame.com\/#\/schema\/logo\/image\/","url":"https:\/\/turbominesgame.com\/wp-content\/uploads\/2023\/07\/Mines-by-Turbo-Games-logo.png","contentUrl":"https:\/\/turbominesgame.com\/wp-content\/uploads\/2023\/07\/Mines-by-Turbo-Games-logo.png","width":300,"height":178,"caption":"Mines by Turbo Games"},"image":{"@id":"https:\/\/turbominesgame.com\/#\/schema\/logo\/image\/"}}]}},"_links":{"self":[{"href":"https:\/\/turbominesgame.com\/es\/wp-json\/wp\/v2\/pages\/159","targetHints":{"allow":["GET"]}}],"collection":[{"href":"https:\/\/turbominesgame.com\/es\/wp-json\/wp\/v2\/pages"}],"about":[{"href":"https:\/\/turbominesgame.com\/es\/wp-json\/wp\/v2\/types\/page"}],"author":[{"embeddable":true,"href":"https:\/\/turbominesgame.com\/es\/wp-json\/wp\/v2\/users\/1"}],"replies":[{"embeddable":true,"href":"https:\/\/turbominesgame.com\/es\/wp-json\/wp\/v2\/comments?post=159"}],"version-history":[{"count":3,"href":"https:\/\/turbominesgame.com\/es\/wp-json\/wp\/v2\/pages\/159\/revisions"}],"predecessor-version":[{"id":184,"href":"https:\/\/turbominesgame.com\/es\/wp-json\/wp\/v2\/pages\/159\/revisions\/184"}],"wp:attachment":[{"href":"https:\/\/turbominesgame.com\/es\/wp-json\/wp\/v2\/media?parent=159"}],"curies":[{"name":"wp","href":"https:\/\/api.w.org\/{rel}","templated":true}]}}