{"id":112,"date":"2024-06-28T14:23:06","date_gmt":"2024-06-28T14:23:06","guid":{"rendered":"https:\/\/turbominesgame.com\/?page_id=112"},"modified":"2024-06-28T14:23:08","modified_gmt":"2024-06-28T14:23:08","slug":"about-us","status":"publish","type":"page","link":"https:\/\/turbominesgame.com\/it\/about-us\/","title":{"rendered":"Chi siamo"},"content":{"rendered":"<h1 class=\"wp-block-heading has-mercury-white-color has-text-color has-link-color wp-elements-6ebb5f85b6e4d2045143fcae914e01a0\"><strong>Chi siamo<\/strong><\/h1>\n\n\n\n<p>Benvenuti a<a href=\"https:\/\/turbominesgame.com\/it\/\"> https:\/\/turbominesgame.com\/<\/a>la vostra destinazione preferita per tutto ci\u00f2 che riguarda i giochi di casin\u00f2 Mines. In qualit\u00e0 di appassionati e giocatori esperti, ci dedichiamo a condividere le nostre conoscenze, le emozioni e gli ultimi aggiornamenti nel regno in continua evoluzione dei Mines online. La nostra missione \u00e8 quella di fornirvi approfondimenti, strategie efficaci e le informazioni pi\u00f9 aggiornate per migliorare la vostra esperienza di gioco.<\/p>\n\n\n\n<h2 class=\"wp-block-heading\"><strong>Il nostro sito web<\/strong><\/h2>\n\n\n\n<p>Creato dai giocatori per i giocatori,<a href=\"https:\/\/turbominesgame.com\/it\/\"> https:\/\/turbominesgame.com\/<\/a> garantisce che ogni consiglio, guida strategica e aggiornamento sia frutto di anni di esperienza e di un autentico amore per i giochi Mines. Il nostro obiettivo \u00e8 quello di fornirvi le conoscenze necessarie per godere appieno dei giochi Mines.<\/p>\n\n\n\n<h2 class=\"wp-block-heading\"><strong>Il nostro obiettivo<\/strong><\/h2>\n\n\n\n<p>Il nostro obiettivo principale \u00e8 quello di coltivare una vivace comunit\u00e0 di appassionati di giochi Mines che condividono la passione per i giochi Mines. Ci sforziamo di entrare in contatto con giocatori di tutte le estrazioni sociali, condividendo le conoscenze, celebrando le vittorie e imparando dalle reciproche esperienze. Unisciti a noi nella nostra missione di costruire una comunit\u00e0 di giocatori di giochi Mines solidale, informata e appassionata.<\/p>\n\n\n\n<h2 class=\"wp-block-heading\"><strong>I nostri valori<\/strong><\/h2>\n\n\n\n<p><strong>Integrit\u00e0:<\/strong> A<a href=\"https:\/\/turbominesgame.com\/it\/\"> https:\/\/turbominesgame.com\/<\/a>, sosteniamo i pi\u00f9 alti standard di integrit\u00e0. Forniamo recensioni e aggiornamenti onesti e trasparenti, assicurandovi di ricevere informazioni accurate e affidabili.<\/p>\n\n\n\n<p><strong>Responsabilit\u00e0:<\/strong> La promozione del gioco responsabile \u00e8 al centro della nostra filosofia. Sosteniamo un approccio equilibrato al gioco, sottolineando che dovrebbe essere una fonte di divertimento e non portare a stress o difficolt\u00e0 finanziarie.<\/p>\n\n\n\n<p><strong>Qualit\u00e0:<\/strong> Ci impegniamo a fornire contenuti di alta qualit\u00e0 che migliorino la vostra esperienza di gioco. Le nostre guide, i nostri suggerimenti e le nostre strategie sono stati realizzati con cura per migliorare la vostra comprensione e le vostre prestazioni nei giochi Mines.<\/p>\n\n\n\n<p><strong>Trasparenza:<\/strong> Crediamo nella totale trasparenza nei confronti della nostra comunit\u00e0. Le nostre recensioni, i nostri suggerimenti e i nostri contenuti riflettono le nostre esperienze e le nostre intuizioni autentiche, coprendo tutti gli aspetti, sia positivi che negativi.<\/p>\n\n\n\n<h2 class=\"wp-block-heading\"><strong>Gioco responsabile<\/strong><\/h2>\n\n\n\n<p><a href=\"https:\/\/turbominesgame.com\/it\/\">https:\/\/turbominesgame.com\/<\/a> incoraggia il gioco d'azzardo responsabile. \u00c8 fondamentale considerare il gioco online come una forma di intrattenimento, non come una soluzione a problemi finanziari o emotivi. Sosteniamo i nostri lettori nel riconoscere i segnali di potenziali problemi di gioco e nell'utilizzare gli strumenti e le risorse disponibili per giocare in modo responsabile. Ricordate che l'obiettivo principale \u00e8 il divertimento e non deve influire negativamente sulla vostra vita personale o professionale.<\/p>\n\n\n\n<p>Unisciti alla nostra comunit\u00e0 oggi stesso e inizia a ottimizzare ogni fase di gioco con noi!<\/p>","protected":false},"excerpt":{"rendered":"<p>Chi siamo Benvenuti su https:\/\/turbominesgame.com\/, la vostra destinazione ideale per tutto ci\u00f2 che riguarda i giochi da casin\u00f2 Mines. Come appassionati e giocatori esperti, ci dedichiamo a condividere le nostre conoscenze, l'entusiasmo e gli ultimi aggiornamenti nel regno in continua evoluzione del Mines online. La nostra missione \u00e8 quella di fornirvi approfondimenti, strategie efficaci e le pi\u00f9 [...]<\/p>","protected":false},"author":1,"featured_media":0,"parent":0,"menu_order":0,"comment_status":"closed","ping_status":"closed","template":"page-without-title.php","meta":{"footnotes":""},"class_list":["post-112","page","type-page","status-publish","hentry"],"yoast_head":"<!-- This site is optimized with the Yoast SEO plugin v20.12 - https:\/\/yoast.com\/wordpress\/plugins\/seo\/ -->\n<title>We are Your Ultimate Guide to Online Casino Mines Games<\/title>\n<meta name=\"description\" content=\"Explore turbominesgame for expert insights, strategies, and the latest updates on online casino Mines games. Join our community.\" \/>\n<meta name=\"robots\" content=\"index, follow, max-snippet:-1, max-image-preview:large, max-video-preview:-1\" \/>\n<link rel=\"canonical\" href=\"https:\/\/turbominesgame.com\/it\/about-us\/\" \/>\n<meta property=\"og:locale\" content=\"it_IT\" \/>\n<meta property=\"og:type\" content=\"article\" \/>\n<meta property=\"og:title\" content=\"We are Your Ultimate Guide to Online Casino Mines Games\" \/>\n<meta property=\"og:description\" content=\"Explore turbominesgame for expert insights, strategies, and the latest updates on online casino Mines games. Join our community.\" \/>\n<meta property=\"og:url\" content=\"https:\/\/turbominesgame.com\/it\/about-us\/\" \/>\n<meta property=\"og:site_name\" content=\"Mines by Turbo Games\" \/>\n<meta property=\"article:modified_time\" content=\"2024-06-28T14:23:08+00:00\" \/>\n<meta name=\"twitter:card\" content=\"summary_large_image\" \/>\n<meta name=\"twitter:label1\" content=\"Tempo di lettura stimato\" \/>\n\t<meta name=\"twitter:data1\" content=\"2 minuti\" \/>\n<script type=\"application\/ld+json\" class=\"yoast-schema-graph\">{\"@context\":\"https:\/\/schema.org\",\"@graph\":[{\"@type\":\"WebPage\",\"@id\":\"https:\/\/turbominesgame.com\/about-us\/\",\"url\":\"https:\/\/turbominesgame.com\/about-us\/\",\"name\":\"We are Your Ultimate Guide to Online Casino Mines Games\",\"isPartOf\":{\"@id\":\"https:\/\/turbominesgame.com\/#website\"},\"datePublished\":\"2024-06-28T14:23:06+00:00\",\"dateModified\":\"2024-06-28T14:23:08+00:00\",\"description\":\"Explore turbominesgame for expert insights, strategies, and the latest updates on online casino Mines games. Join our community.\",\"breadcrumb\":{\"@id\":\"https:\/\/turbominesgame.com\/about-us\/#breadcrumb\"},\"inLanguage\":\"it-IT\",\"potentialAction\":[{\"@type\":\"ReadAction\",\"target\":[\"https:\/\/turbominesgame.com\/about-us\/\"]}]},{\"@type\":\"BreadcrumbList\",\"@id\":\"https:\/\/turbominesgame.com\/about-us\/#breadcrumb\",\"itemListElement\":[{\"@type\":\"ListItem\",\"position\":1,\"name\":\"Home\",\"item\":\"https:\/\/turbominesgame.com\/\"},{\"@type\":\"ListItem\",\"position\":2,\"name\":\"About Us\"}]},{\"@type\":\"WebSite\",\"@id\":\"https:\/\/turbominesgame.com\/#website\",\"url\":\"https:\/\/turbominesgame.com\/\",\"name\":\"Mines by Turbo Games\",\"description\":\"Turbo Games Mines\",\"publisher\":{\"@id\":\"https:\/\/turbominesgame.com\/#organization\"},\"potentialAction\":[{\"@type\":\"SearchAction\",\"target\":{\"@type\":\"EntryPoint\",\"urlTemplate\":\"https:\/\/turbominesgame.com\/?s={search_term_string}\"},\"query-input\":\"required name=search_term_string\"}],\"inLanguage\":\"it-IT\"},{\"@type\":\"Organization\",\"@id\":\"https:\/\/turbominesgame.com\/#organization\",\"name\":\"Mines by Turbo Games\",\"url\":\"https:\/\/turbominesgame.com\/\",\"logo\":{\"@type\":\"ImageObject\",\"inLanguage\":\"it-IT\",\"@id\":\"https:\/\/turbominesgame.com\/#\/schema\/logo\/image\/\",\"url\":\"https:\/\/turbominesgame.com\/wp-content\/uploads\/2023\/07\/Mines-by-Turbo-Games-logo.png\",\"contentUrl\":\"https:\/\/turbominesgame.com\/wp-content\/uploads\/2023\/07\/Mines-by-Turbo-Games-logo.png\",\"width\":300,\"height\":178,\"caption\":\"Mines by Turbo Games\"},\"image\":{\"@id\":\"https:\/\/turbominesgame.com\/#\/schema\/logo\/image\/\"}}]}<\/script>\n<!-- \/ Yoast SEO plugin. -->","yoast_head_json":{"title":"We are Your Ultimate Guide to Online Casino Mines Games","description":"Explore turbominesgame for expert insights, strategies, and the latest updates on online casino Mines games. Join our community.","robots":{"index":"index","follow":"follow","max-snippet":"max-snippet:-1","max-image-preview":"max-image-preview:large","max-video-preview":"max-video-preview:-1"},"canonical":"https:\/\/turbominesgame.com\/it\/about-us\/","og_locale":"it_IT","og_type":"article","og_title":"We are Your Ultimate Guide to Online Casino Mines Games","og_description":"Explore turbominesgame for expert insights, strategies, and the latest updates on online casino Mines games. Join our community.","og_url":"https:\/\/turbominesgame.com\/it\/about-us\/","og_site_name":"Mines by Turbo Games","article_modified_time":"2024-06-28T14:23:08+00:00","twitter_card":"summary_large_image","twitter_misc":{"Tempo di lettura stimato":"2 minuti"},"schema":{"@context":"https:\/\/schema.org","@graph":[{"@type":"WebPage","@id":"https:\/\/turbominesgame.com\/about-us\/","url":"https:\/\/turbominesgame.com\/about-us\/","name":"We are Your Ultimate Guide to Online Casino Mines Games","isPartOf":{"@id":"https:\/\/turbominesgame.com\/#website"},"datePublished":"2024-06-28T14:23:06+00:00","dateModified":"2024-06-28T14:23:08+00:00","description":"Explore turbominesgame for expert insights, strategies, and the latest updates on online casino Mines games. Join our community.","breadcrumb":{"@id":"https:\/\/turbominesgame.com\/about-us\/#breadcrumb"},"inLanguage":"it-IT","potentialAction":[{"@type":"ReadAction","target":["https:\/\/turbominesgame.com\/about-us\/"]}]},{"@type":"BreadcrumbList","@id":"https:\/\/turbominesgame.com\/about-us\/#breadcrumb","itemListElement":[{"@type":"ListItem","position":1,"name":"Home","item":"https:\/\/turbominesgame.com\/"},{"@type":"ListItem","position":2,"name":"About Us"}]},{"@type":"WebSite","@id":"https:\/\/turbominesgame.com\/#website","url":"https:\/\/turbominesgame.com\/","name":"Mines by Turbo Games","description":"Turbo Games Mines","publisher":{"@id":"https:\/\/turbominesgame.com\/#organization"},"potentialAction":[{"@type":"SearchAction","target":{"@type":"EntryPoint","urlTemplate":"https:\/\/turbominesgame.com\/?s={search_term_string}"},"query-input":"required name=search_term_string"}],"inLanguage":"it-IT"},{"@type":"Organization","@id":"https:\/\/turbominesgame.com\/#organization","name":"Mines by Turbo Games","url":"https:\/\/turbominesgame.com\/","logo":{"@type":"ImageObject","inLanguage":"it-IT","@id":"https:\/\/turbominesgame.com\/#\/schema\/logo\/image\/","url":"https:\/\/turbominesgame.com\/wp-content\/uploads\/2023\/07\/Mines-by-Turbo-Games-logo.png","contentUrl":"https:\/\/turbominesgame.com\/wp-content\/uploads\/2023\/07\/Mines-by-Turbo-Games-logo.png","width":300,"height":178,"caption":"Mines by Turbo Games"},"image":{"@id":"https:\/\/turbominesgame.com\/#\/schema\/logo\/image\/"}}]}},"_links":{"self":[{"href":"https:\/\/turbominesgame.com\/it\/wp-json\/wp\/v2\/pages\/112","targetHints":{"allow":["GET"]}}],"collection":[{"href":"https:\/\/turbominesgame.com\/it\/wp-json\/wp\/v2\/pages"}],"about":[{"href":"https:\/\/turbominesgame.com\/it\/wp-json\/wp\/v2\/types\/page"}],"author":[{"embeddable":true,"href":"https:\/\/turbominesgame.com\/it\/wp-json\/wp\/v2\/users\/1"}],"replies":[{"embeddable":true,"href":"https:\/\/turbominesgame.com\/it\/wp-json\/wp\/v2\/comments?post=112"}],"version-history":[{"count":3,"href":"https:\/\/turbominesgame.com\/it\/wp-json\/wp\/v2\/pages\/112\/revisions"}],"predecessor-version":[{"id":158,"href":"https:\/\/turbominesgame.com\/it\/wp-json\/wp\/v2\/pages\/112\/revisions\/158"}],"wp:attachment":[{"href":"https:\/\/turbominesgame.com\/it\/wp-json\/wp\/v2\/media?parent=112"}],"curies":[{"name":"wp","href":"https:\/\/api.w.org\/{rel}","templated":true}]}}