{"id":159,"date":"2024-06-28T14:26:34","date_gmt":"2024-06-28T14:26:34","guid":{"rendered":"https:\/\/turbominesgame.com\/?page_id=159"},"modified":"2024-06-28T14:26:37","modified_gmt":"2024-06-28T14:26:37","slug":"privacy-policy","status":"publish","type":"page","link":"https:\/\/turbominesgame.com\/it\/privacy-policy\/","title":{"rendered":"Informativa sulla privacy"},"content":{"rendered":"<h1 class=\"wp-block-heading has-mercury-white-color has-text-color has-link-color wp-elements-ecbf57b880b86c17ee26d44eceae5efa\">Informativa sulla privacy<\/h1>\n\n\n\n<p>Ultimo aggiornamento: 28 giugno 2024<\/p>\n\n\n\n<p>La presente Informativa sulla privacy illustra le politiche e le procedure relative alla raccolta, all'utilizzo e alla divulgazione dei dati personali che riceviamo dagli utenti di<a href=\"https:\/\/turbominesgame.com\/it\/\"> https:\/\/turbominesgame.com\/<\/a> (denominato \"Servizio\"). Il documento illustra inoltre i diritti dell'utente in materia di privacy e le tutele previste dalla legge.<\/p>\n\n\n\n<p>Ci impegniamo a proteggere e rispettare la vostra privacy. I dati personali raccolti vengono utilizzati per migliorare e fornire il Servizio. Accedendo e utilizzando il Servizio, l'utente acconsente alla raccolta e all'utilizzo delle informazioni come descritto nella presente Informativa sulla privacy.<\/p>\n\n\n\n<h2 class=\"wp-block-heading\"><strong>Interpretazione e definizioni<\/strong><\/h2>\n\n\n\n<h3 class=\"wp-block-heading\"><strong>Interpretazione<\/strong><\/h3>\n\n\n\n<p>I termini con le lettere iniziali maiuscole hanno il significato definito nella presente polizza, sia che appaiano in forma singolare che plurale.<\/p>\n\n\n\n<h3 class=\"wp-block-heading\"><strong>Definizioni<\/strong><\/h3>\n\n\n\n<p>Ai fini della presente Informativa sulla privacy:<\/p>\n\n\n\n<ul class=\"wp-block-list\">\n<li><strong>Conto<\/strong>: Un account unico creato per l'utente per accedere al nostro Servizio o a parti di esso.<\/li>\n\n\n\n<li><strong>Affiliato<\/strong>: Un'entit\u00e0 che controlla, \u00e8 controllata da, o \u00e8 sotto controllo comune con una parte, dove per \"controllo\" si intende la propriet\u00e0 di 50% o pi\u00f9 delle azioni, dei diritti di voto o di altri titoli.<\/li>\n\n\n\n<li><strong>Azienda<\/strong> (indicata come \"la Societ\u00e0\", \"Noi\" o \"Nostro\" nel presente documento):<a href=\"https:\/\/turbominesgame.com\/it\/\"> https:\/\/turbominesgame.com\/<\/a>.<\/li>\n\n\n\n<li><strong>Biscotti<\/strong>: Piccoli file inseriti nel computer, nel dispositivo mobile o in qualsiasi altro dispositivo da un sito web, contenenti dati sulla cronologia di navigazione del sito stesso.<\/li>\n\n\n\n<li><strong>Paese<\/strong>: Stati Uniti.<\/li>\n\n\n\n<li><strong>Dispositivo<\/strong>: Qualsiasi dispositivo in grado di accedere al Servizio, come un computer, un telefono cellulare o una tavoletta digitale.<\/li>\n\n\n\n<li><strong>Dati personali<\/strong>: Informazioni che identificano o possono essere utilizzate per identificare un individuo.<\/li>\n\n\n\n<li><strong>Fornitore di servizi<\/strong>: Qualsiasi persona fisica o giuridica che tratta i dati per conto della Societ\u00e0, comprese le societ\u00e0 terze o le persone impiegate dalla Societ\u00e0.<\/li>\n\n\n\n<li><strong>Dati di utilizzo<\/strong>: Dati raccolti automaticamente, generati dall'uso del Servizio o dalla stessa infrastruttura del Servizio.<\/li>\n\n\n\n<li><strong>Tu<\/strong>: L'individuo che accede o utilizza il Servizio, o la societ\u00e0 o altra persona giuridica per conto della quale tale individuo accede o utilizza il Servizio.<\/li>\n<\/ul>\n\n\n\n<h2 class=\"wp-block-heading\"><strong>Raccolta e utilizzo dei dati personali<\/strong><\/h2>\n\n\n\n<h3 class=\"wp-block-heading\"><strong>Tipi di dati raccolti<\/strong><\/h3>\n\n\n\n<h4 class=\"wp-block-heading has-mercury-white-color has-text-color has-link-color wp-elements-43d462929679fb9a206e0ce4ff6c641a\"><strong>Informazioni personali<\/strong><\/h4>\n\n\n\n<p>Durante l'utilizzo del nostro Servizio, potremmo chiedervi di fornirci alcune informazioni di identificazione personale che possono essere utilizzate per contattarvi o identificarvi. Tali informazioni possono includere, a titolo esemplificativo ma non esaustivo, l'indirizzo e-mail e il numero di telefono dell'utente.<\/p>\n\n\n\n<h4 class=\"wp-block-heading has-mercury-white-color has-text-color has-link-color wp-elements-f73df151d86febaad92d13b006b3a710\"><strong>Dati di utilizzo<\/strong><\/h4>\n\n\n\n<p>I Dati di utilizzo vengono raccolti automaticamente durante l'utilizzo del Servizio. Possono includere informazioni quali l'indirizzo del protocollo Internet (IP) del dispositivo, il tipo di browser, la versione del browser, le pagine del nostro Servizio visitate, l'ora e la data della visita, il tempo trascorso su tali pagine, gli identificatori unici del dispositivo e altri dati diagnostici.<\/p>\n\n\n\n<h4 class=\"wp-block-heading has-mercury-white-color has-text-color has-link-color wp-elements-62b381de78f7d28e28e11f319de4d7e4\"><strong>Tecnologie di tracciamento e cookie<\/strong><\/h4>\n\n\n\n<p>Utilizziamo i cookie e tecnologie di tracciamento simili per monitorare l'attivit\u00e0 sul nostro Servizio e conservare determinate informazioni. I cookie sono file contenenti una piccola quantit\u00e0 di dati che possono includere un identificatore unico anonimo. I cookie vengono inviati al vostro browser da un sito web e memorizzati sul vostro dispositivo.<\/p>\n\n\n\n<h3 class=\"wp-block-heading\"><strong>Utilizzo dei dati personali<\/strong><\/h3>\n\n\n\n<p>La Societ\u00e0 pu\u00f2 utilizzare i Dati personali per i seguenti scopi:<\/p>\n\n\n\n<ul class=\"wp-block-list\">\n<li><strong>Per fornire e mantenere il nostro Servizio<\/strong>, compreso il monitoraggio dell'utilizzo del nostro Servizio.<\/li>\n\n\n\n<li><strong>Per gestire il proprio account<\/strong>: I vostri Dati personali possono darvi accesso a diverse funzionalit\u00e0 del Servizio disponibili per gli utenti registrati.<\/li>\n\n\n\n<li><strong>Per i trasferimenti aziendali<\/strong>: Potremmo utilizzare i vostri dati per valutare o condurre una fusione, una vendita di beni o un'acquisizione.<\/li>\n\n\n\n<li><strong>Fornire assistenza ai clienti<\/strong>, migliorare la sicurezza dei dati e prevenire le frodi.<\/li>\n<\/ul>\n\n\n\n<h3 class=\"wp-block-heading\"><strong>Divulgazione dei dati personali<\/strong><\/h3>\n\n\n\n<p>Possiamo condividere i vostri dati personali nelle seguenti situazioni:<\/p>\n\n\n\n<ul class=\"wp-block-list\">\n<li><strong>Con i fornitori di servizi<\/strong>: Condividiamo le informazioni personali dell'utente con i fornitori di servizi per monitorare e analizzare l'uso del nostro servizio.<\/li>\n\n\n\n<li><strong>Per i trasferimenti d'affari<\/strong>: Potremmo condividere o trasferire le informazioni personali dell'utente in relazione a, o durante le trattative di, qualsiasi fusione, vendita di beni aziendali, finanziamento o acquisizione di tutta o parte della nostra attivit\u00e0 a un'altra societ\u00e0.<\/li>\n\n\n\n<li><strong>Con gli affiliati<\/strong>: Potremmo condividere le informazioni dell'utente con le nostre affiliate, nel qual caso richiederemo a tali affiliate di rispettare la presente Informativa sulla privacy.<\/li>\n\n\n\n<li><strong>Con i partner commerciali<\/strong>: Per offrirvi determinati prodotti, servizi o promozioni.<\/li>\n<\/ul>\n\n\n\n<h3 class=\"wp-block-heading\"><strong>Conservazione dei dati personali<\/strong><\/h3>\n\n\n\n<p>La Societ\u00e0 conserver\u00e0 i Dati personali dell'utente solo per il tempo necessario agli scopi indicati nella presente Informativa sulla privacy. Conserveremo e utilizzeremo i vostri Dati personali nella misura necessaria per adempiere ai nostri obblighi legali, risolvere controversie e applicare i nostri accordi e politiche legali.<\/p>\n\n\n\n<h3 class=\"wp-block-heading\"><strong>Sicurezza dei dati personali<\/strong><\/h3>\n\n\n\n<p>La sicurezza dei vostri Dati personali \u00e8 importante per noi. Tuttavia, nessun metodo di trasmissione su Internet o di archiviazione elettronica \u00e8 100% sicuro. Sebbene ci sforziamo di utilizzare mezzi commercialmente accettabili per proteggere i vostri Dati personali, non possiamo garantirne l'assoluta sicurezza.<\/p>\n\n\n\n<h2 class=\"wp-block-heading\"><strong>Contatto<\/strong><\/h2>\n\n\n\n<p>In caso di domande sulla presente Informativa sulla privacy, si prega di <a href=\"https:\/\/turbominesgame.com\/it\/contact-us\/\">contattateci<\/a>.<\/p>","protected":false},"excerpt":{"rendered":"<p>Informativa sulla privacy Ultimo aggiornamento: 28 giugno 2024 La presente Informativa sulla privacy illustra le politiche e le procedure relative alla raccolta, all'utilizzo e alla divulgazione dei dati personali ricevuti dagli utenti di https:\/\/turbominesgame.com\/ (denominato \"Servizio\"). Inoltre, illustra i diritti dell'utente in materia di privacy e le tutele previste dalla legge. Ci impegniamo a proteggere e rispettare [...]<\/p>","protected":false},"author":1,"featured_media":0,"parent":0,"menu_order":0,"comment_status":"closed","ping_status":"closed","template":"page-without-title.php","meta":{"footnotes":""},"class_list":["post-159","page","type-page","status-publish","hentry"],"yoast_head":"<!-- This site is optimized with the Yoast SEO plugin v20.12 - https:\/\/yoast.com\/wordpress\/plugins\/seo\/ -->\n<title>Privacy Policy | turbominesgame.com<\/title>\n<meta name=\"description\" content=\"Learn about how we collect, use and protect your personal information and the measures we take to keep your data secure.\" \/>\n<meta name=\"robots\" content=\"index, follow, max-snippet:-1, max-image-preview:large, max-video-preview:-1\" \/>\n<link rel=\"canonical\" href=\"https:\/\/turbominesgame.com\/it\/privacy-policy\/\" \/>\n<meta property=\"og:locale\" content=\"it_IT\" \/>\n<meta property=\"og:type\" content=\"article\" \/>\n<meta property=\"og:title\" content=\"Privacy Policy | turbominesgame.com\" \/>\n<meta property=\"og:description\" content=\"Learn about how we collect, use and protect your personal information and the measures we take to keep your data secure.\" \/>\n<meta property=\"og:url\" content=\"https:\/\/turbominesgame.com\/it\/privacy-policy\/\" \/>\n<meta property=\"og:site_name\" content=\"Mines by Turbo Games\" \/>\n<meta property=\"article:modified_time\" content=\"2024-06-28T14:26:37+00:00\" \/>\n<meta name=\"twitter:card\" content=\"summary_large_image\" \/>\n<meta name=\"twitter:label1\" content=\"Tempo di lettura stimato\" \/>\n\t<meta name=\"twitter:data1\" content=\"4 minuti\" \/>\n<script type=\"application\/ld+json\" class=\"yoast-schema-graph\">{\"@context\":\"https:\/\/schema.org\",\"@graph\":[{\"@type\":\"WebPage\",\"@id\":\"https:\/\/turbominesgame.com\/privacy-policy\/\",\"url\":\"https:\/\/turbominesgame.com\/privacy-policy\/\",\"name\":\"Privacy Policy | turbominesgame.com\",\"isPartOf\":{\"@id\":\"https:\/\/turbominesgame.com\/#website\"},\"datePublished\":\"2024-06-28T14:26:34+00:00\",\"dateModified\":\"2024-06-28T14:26:37+00:00\",\"description\":\"Learn about how we collect, use and protect your personal information and the measures we take to keep your data secure.\",\"breadcrumb\":{\"@id\":\"https:\/\/turbominesgame.com\/privacy-policy\/#breadcrumb\"},\"inLanguage\":\"it-IT\",\"potentialAction\":[{\"@type\":\"ReadAction\",\"target\":[\"https:\/\/turbominesgame.com\/privacy-policy\/\"]}]},{\"@type\":\"BreadcrumbList\",\"@id\":\"https:\/\/turbominesgame.com\/privacy-policy\/#breadcrumb\",\"itemListElement\":[{\"@type\":\"ListItem\",\"position\":1,\"name\":\"Home\",\"item\":\"https:\/\/turbominesgame.com\/\"},{\"@type\":\"ListItem\",\"position\":2,\"name\":\"Privacy Policy\"}]},{\"@type\":\"WebSite\",\"@id\":\"https:\/\/turbominesgame.com\/#website\",\"url\":\"https:\/\/turbominesgame.com\/\",\"name\":\"Mines by Turbo Games\",\"description\":\"Turbo Games Mines\",\"publisher\":{\"@id\":\"https:\/\/turbominesgame.com\/#organization\"},\"potentialAction\":[{\"@type\":\"SearchAction\",\"target\":{\"@type\":\"EntryPoint\",\"urlTemplate\":\"https:\/\/turbominesgame.com\/?s={search_term_string}\"},\"query-input\":\"required name=search_term_string\"}],\"inLanguage\":\"it-IT\"},{\"@type\":\"Organization\",\"@id\":\"https:\/\/turbominesgame.com\/#organization\",\"name\":\"Mines by Turbo Games\",\"url\":\"https:\/\/turbominesgame.com\/\",\"logo\":{\"@type\":\"ImageObject\",\"inLanguage\":\"it-IT\",\"@id\":\"https:\/\/turbominesgame.com\/#\/schema\/logo\/image\/\",\"url\":\"https:\/\/turbominesgame.com\/wp-content\/uploads\/2023\/07\/Mines-by-Turbo-Games-logo.png\",\"contentUrl\":\"https:\/\/turbominesgame.com\/wp-content\/uploads\/2023\/07\/Mines-by-Turbo-Games-logo.png\",\"width\":300,\"height\":178,\"caption\":\"Mines by Turbo Games\"},\"image\":{\"@id\":\"https:\/\/turbominesgame.com\/#\/schema\/logo\/image\/\"}}]}<\/script>\n<!-- \/ Yoast SEO plugin. -->","yoast_head_json":{"title":"Privacy Policy | turbominesgame.com","description":"Learn about how we collect, use and protect your personal information and the measures we take to keep your data secure.","robots":{"index":"index","follow":"follow","max-snippet":"max-snippet:-1","max-image-preview":"max-image-preview:large","max-video-preview":"max-video-preview:-1"},"canonical":"https:\/\/turbominesgame.com\/it\/privacy-policy\/","og_locale":"it_IT","og_type":"article","og_title":"Privacy Policy | turbominesgame.com","og_description":"Learn about how we collect, use and protect your personal information and the measures we take to keep your data secure.","og_url":"https:\/\/turbominesgame.com\/it\/privacy-policy\/","og_site_name":"Mines by Turbo Games","article_modified_time":"2024-06-28T14:26:37+00:00","twitter_card":"summary_large_image","twitter_misc":{"Tempo di lettura stimato":"4 minuti"},"schema":{"@context":"https:\/\/schema.org","@graph":[{"@type":"WebPage","@id":"https:\/\/turbominesgame.com\/privacy-policy\/","url":"https:\/\/turbominesgame.com\/privacy-policy\/","name":"Privacy Policy | turbominesgame.com","isPartOf":{"@id":"https:\/\/turbominesgame.com\/#website"},"datePublished":"2024-06-28T14:26:34+00:00","dateModified":"2024-06-28T14:26:37+00:00","description":"Learn about how we collect, use and protect your personal information and the measures we take to keep your data secure.","breadcrumb":{"@id":"https:\/\/turbominesgame.com\/privacy-policy\/#breadcrumb"},"inLanguage":"it-IT","potentialAction":[{"@type":"ReadAction","target":["https:\/\/turbominesgame.com\/privacy-policy\/"]}]},{"@type":"BreadcrumbList","@id":"https:\/\/turbominesgame.com\/privacy-policy\/#breadcrumb","itemListElement":[{"@type":"ListItem","position":1,"name":"Home","item":"https:\/\/turbominesgame.com\/"},{"@type":"ListItem","position":2,"name":"Privacy Policy"}]},{"@type":"WebSite","@id":"https:\/\/turbominesgame.com\/#website","url":"https:\/\/turbominesgame.com\/","name":"Mines by Turbo Games","description":"Turbo Games Mines","publisher":{"@id":"https:\/\/turbominesgame.com\/#organization"},"potentialAction":[{"@type":"SearchAction","target":{"@type":"EntryPoint","urlTemplate":"https:\/\/turbominesgame.com\/?s={search_term_string}"},"query-input":"required name=search_term_string"}],"inLanguage":"it-IT"},{"@type":"Organization","@id":"https:\/\/turbominesgame.com\/#organization","name":"Mines by Turbo Games","url":"https:\/\/turbominesgame.com\/","logo":{"@type":"ImageObject","inLanguage":"it-IT","@id":"https:\/\/turbominesgame.com\/#\/schema\/logo\/image\/","url":"https:\/\/turbominesgame.com\/wp-content\/uploads\/2023\/07\/Mines-by-Turbo-Games-logo.png","contentUrl":"https:\/\/turbominesgame.com\/wp-content\/uploads\/2023\/07\/Mines-by-Turbo-Games-logo.png","width":300,"height":178,"caption":"Mines by Turbo Games"},"image":{"@id":"https:\/\/turbominesgame.com\/#\/schema\/logo\/image\/"}}]}},"_links":{"self":[{"href":"https:\/\/turbominesgame.com\/it\/wp-json\/wp\/v2\/pages\/159","targetHints":{"allow":["GET"]}}],"collection":[{"href":"https:\/\/turbominesgame.com\/it\/wp-json\/wp\/v2\/pages"}],"about":[{"href":"https:\/\/turbominesgame.com\/it\/wp-json\/wp\/v2\/types\/page"}],"author":[{"embeddable":true,"href":"https:\/\/turbominesgame.com\/it\/wp-json\/wp\/v2\/users\/1"}],"replies":[{"embeddable":true,"href":"https:\/\/turbominesgame.com\/it\/wp-json\/wp\/v2\/comments?post=159"}],"version-history":[{"count":3,"href":"https:\/\/turbominesgame.com\/it\/wp-json\/wp\/v2\/pages\/159\/revisions"}],"predecessor-version":[{"id":184,"href":"https:\/\/turbominesgame.com\/it\/wp-json\/wp\/v2\/pages\/159\/revisions\/184"}],"wp:attachment":[{"href":"https:\/\/turbominesgame.com\/it\/wp-json\/wp\/v2\/media?parent=159"}],"curies":[{"name":"wp","href":"https:\/\/api.w.org\/{rel}","templated":true}]}}