{"id":112,"date":"2024-06-28T14:23:06","date_gmt":"2024-06-28T14:23:06","guid":{"rendered":"https:\/\/turbominesgame.com\/?page_id=112"},"modified":"2024-06-28T14:23:08","modified_gmt":"2024-06-28T14:23:08","slug":"about-us","status":"publish","type":"page","link":"https:\/\/turbominesgame.com\/pt\/about-us\/","title":{"rendered":"Sobre n\u00f3s"},"content":{"rendered":"<h1 class=\"wp-block-heading has-mercury-white-color has-text-color has-link-color wp-elements-6ebb5f85b6e4d2045143fcae914e01a0\"><strong>Sobre n\u00f3s<\/strong><\/h1>\n\n\n\n<p>Bem-vindo ao<a href=\"https:\/\/turbominesgame.com\/pt\/\"> https:\/\/turbominesgame.com\/<\/a>O Mines \u00e9 o seu destino para todas as coisas relacionadas aos jogos de cassino Mines. Como entusiastas apaixonados e jogadores experientes, nos dedicamos a compartilhar nosso conhecimento, entusiasmo e as \u00faltimas atualiza\u00e7\u00f5es no reino em constante evolu\u00e7\u00e3o do Mines on-line. Nossa miss\u00e3o \u00e9 fornecer insights detalhados, estrat\u00e9gias eficazes e as informa\u00e7\u00f5es mais atuais para elevar sua experi\u00eancia de jogo.<\/p>\n\n\n\n<h2 class=\"wp-block-heading\"><strong>Nosso site<\/strong><\/h2>\n\n\n\n<p>Criado por jogadores para jogadores,<a href=\"https:\/\/turbominesgame.com\/pt\/\"> https:\/\/turbominesgame.com\/<\/a> garante que cada conselho, guia de estrat\u00e9gia e atualiza\u00e7\u00e3o tenha como base anos de experi\u00eancia e um amor genu\u00edno pelos jogos do Mines. Nosso objetivo \u00e9 equip\u00e1-lo com o conhecimento necess\u00e1rio para desfrutar plenamente dos jogos Mines.<\/p>\n\n\n\n<h2 class=\"wp-block-heading\"><strong>Nosso objetivo<\/strong><\/h2>\n\n\n\n<p>Nosso principal objetivo \u00e9 cultivar uma comunidade vibrante de entusiastas de jogos Mines que compartilham a paix\u00e3o pelos jogos Mines. N\u00f3s nos esfor\u00e7amos para nos conectar com jogadores de todas as esferas da vida, compartilhando conhecimento, comemorando vit\u00f3rias e aprendendo com as experi\u00eancias uns dos outros. Junte-se a n\u00f3s em nossa miss\u00e3o de construir uma comunidade solid\u00e1ria, informada e apaixonada de jogadores de jogos Mines.<\/p>\n\n\n\n<h2 class=\"wp-block-heading\"><strong>Nossos valores<\/strong><\/h2>\n\n\n\n<p><strong>Integridade:<\/strong> Em<a href=\"https:\/\/turbominesgame.com\/pt\/\"> https:\/\/turbominesgame.com\/<\/a>Em nosso site, mantemos os mais altos padr\u00f5es de integridade. Fornecemos an\u00e1lises e atualiza\u00e7\u00f5es honestas e transparentes, garantindo que voc\u00ea receba informa\u00e7\u00f5es precisas e confi\u00e1veis.<\/p>\n\n\n\n<p><strong>Responsabilidade:<\/strong> A promo\u00e7\u00e3o do jogo respons\u00e1vel est\u00e1 no centro de nossa filosofia. Defendemos uma abordagem equilibrada em rela\u00e7\u00e3o ao jogo, enfatizando que ele deve ser uma fonte de divers\u00e3o e n\u00e3o levar ao estresse ou a dificuldades financeiras.<\/p>\n\n\n\n<p><strong>Qualidade:<\/strong> Temos o compromisso de fornecer conte\u00fado de alta qualidade que aprimora sua experi\u00eancia de jogo. Nossos guias, dicas e estrat\u00e9gias s\u00e3o cuidadosamente elaborados para melhorar sua compreens\u00e3o e seu desempenho nos jogos Mines.<\/p>\n\n\n\n<p><strong>Transpar\u00eancia:<\/strong> Acreditamos na total transpar\u00eancia com nossa comunidade. Nossas avalia\u00e7\u00f5es, sugest\u00f5es e conte\u00fado refletem nossas experi\u00eancias e percep\u00e7\u00f5es genu\u00ednas, abrangendo todos os aspectos, tanto positivos quanto negativos.<\/p>\n\n\n\n<h2 class=\"wp-block-heading\"><strong>Jogo respons\u00e1vel<\/strong><\/h2>\n\n\n\n<p><a href=\"https:\/\/turbominesgame.com\/pt\/\">https:\/\/turbominesgame.com\/<\/a> incentiva o jogo respons\u00e1vel. \u00c9 fundamental ver os jogos on-line como uma forma de entretenimento, n\u00e3o como uma solu\u00e7\u00e3o para problemas financeiros ou emocionais. Ajudamos nossos leitores a reconhecer os sinais de poss\u00edveis problemas com jogos de azar e a usar as ferramentas e os recursos dispon\u00edveis para jogar com responsabilidade. Lembre-se de que o objetivo principal \u00e9 a divers\u00e3o e que ela n\u00e3o deve afetar negativamente sua vida pessoal ou profissional.<\/p>\n\n\n\n<p>Junte-se \u00e0 nossa comunidade hoje mesmo e comece a otimizar cada etapa do jogo conosco!<\/p>","protected":false},"excerpt":{"rendered":"<p>Sobre n\u00f3s Bem-vindo ao https:\/\/turbominesgame.com\/, seu destino para todas as coisas relacionadas aos jogos de cassino Mines. Como entusiastas apaixonados e jogadores experientes, nos dedicamos a compartilhar nosso conhecimento, entusiasmo e as \u00faltimas atualiza\u00e7\u00f5es no reino em constante evolu\u00e7\u00e3o do Mines on-line. Nossa miss\u00e3o \u00e9 fornecer a voc\u00ea insights detalhados, estrat\u00e9gias eficazes e as mais [...]<\/p>","protected":false},"author":1,"featured_media":0,"parent":0,"menu_order":0,"comment_status":"closed","ping_status":"closed","template":"page-without-title.php","meta":{"footnotes":""},"class_list":["post-112","page","type-page","status-publish","hentry"],"yoast_head":"<!-- This site is optimized with the Yoast SEO plugin v20.12 - https:\/\/yoast.com\/wordpress\/plugins\/seo\/ -->\n<title>We are Your Ultimate Guide to Online Casino Mines Games<\/title>\n<meta name=\"description\" content=\"Explore turbominesgame for expert insights, strategies, and the latest updates on online casino Mines games. Join our community.\" \/>\n<meta name=\"robots\" content=\"index, follow, max-snippet:-1, max-image-preview:large, max-video-preview:-1\" \/>\n<link rel=\"canonical\" href=\"https:\/\/turbominesgame.com\/pt\/about-us\/\" \/>\n<meta property=\"og:locale\" content=\"pt_BR\" \/>\n<meta property=\"og:type\" content=\"article\" \/>\n<meta property=\"og:title\" content=\"We are Your Ultimate Guide to Online Casino Mines Games\" \/>\n<meta property=\"og:description\" content=\"Explore turbominesgame for expert insights, strategies, and the latest updates on online casino Mines games. Join our community.\" \/>\n<meta property=\"og:url\" content=\"https:\/\/turbominesgame.com\/pt\/about-us\/\" \/>\n<meta property=\"og:site_name\" content=\"Mines by Turbo Games\" \/>\n<meta property=\"article:modified_time\" content=\"2024-06-28T14:23:08+00:00\" \/>\n<meta name=\"twitter:card\" content=\"summary_large_image\" \/>\n<meta name=\"twitter:label1\" content=\"Est. tempo de leitura\" \/>\n\t<meta name=\"twitter:data1\" content=\"2 minutos\" \/>\n<script type=\"application\/ld+json\" class=\"yoast-schema-graph\">{\"@context\":\"https:\/\/schema.org\",\"@graph\":[{\"@type\":\"WebPage\",\"@id\":\"https:\/\/turbominesgame.com\/about-us\/\",\"url\":\"https:\/\/turbominesgame.com\/about-us\/\",\"name\":\"We are Your Ultimate Guide to Online Casino Mines Games\",\"isPartOf\":{\"@id\":\"https:\/\/turbominesgame.com\/#website\"},\"datePublished\":\"2024-06-28T14:23:06+00:00\",\"dateModified\":\"2024-06-28T14:23:08+00:00\",\"description\":\"Explore turbominesgame for expert insights, strategies, and the latest updates on online casino Mines games. Join our community.\",\"breadcrumb\":{\"@id\":\"https:\/\/turbominesgame.com\/about-us\/#breadcrumb\"},\"inLanguage\":\"pt-BR\",\"potentialAction\":[{\"@type\":\"ReadAction\",\"target\":[\"https:\/\/turbominesgame.com\/about-us\/\"]}]},{\"@type\":\"BreadcrumbList\",\"@id\":\"https:\/\/turbominesgame.com\/about-us\/#breadcrumb\",\"itemListElement\":[{\"@type\":\"ListItem\",\"position\":1,\"name\":\"Home\",\"item\":\"https:\/\/turbominesgame.com\/\"},{\"@type\":\"ListItem\",\"position\":2,\"name\":\"About Us\"}]},{\"@type\":\"WebSite\",\"@id\":\"https:\/\/turbominesgame.com\/#website\",\"url\":\"https:\/\/turbominesgame.com\/\",\"name\":\"Mines by Turbo Games\",\"description\":\"Turbo Games Mines\",\"publisher\":{\"@id\":\"https:\/\/turbominesgame.com\/#organization\"},\"potentialAction\":[{\"@type\":\"SearchAction\",\"target\":{\"@type\":\"EntryPoint\",\"urlTemplate\":\"https:\/\/turbominesgame.com\/?s={search_term_string}\"},\"query-input\":\"required name=search_term_string\"}],\"inLanguage\":\"pt-BR\"},{\"@type\":\"Organization\",\"@id\":\"https:\/\/turbominesgame.com\/#organization\",\"name\":\"Mines by Turbo Games\",\"url\":\"https:\/\/turbominesgame.com\/\",\"logo\":{\"@type\":\"ImageObject\",\"inLanguage\":\"pt-BR\",\"@id\":\"https:\/\/turbominesgame.com\/#\/schema\/logo\/image\/\",\"url\":\"https:\/\/turbominesgame.com\/wp-content\/uploads\/2023\/07\/Mines-by-Turbo-Games-logo.png\",\"contentUrl\":\"https:\/\/turbominesgame.com\/wp-content\/uploads\/2023\/07\/Mines-by-Turbo-Games-logo.png\",\"width\":300,\"height\":178,\"caption\":\"Mines by Turbo Games\"},\"image\":{\"@id\":\"https:\/\/turbominesgame.com\/#\/schema\/logo\/image\/\"}}]}<\/script>\n<!-- \/ Yoast SEO plugin. -->","yoast_head_json":{"title":"We are Your Ultimate Guide to Online Casino Mines Games","description":"Explore turbominesgame for expert insights, strategies, and the latest updates on online casino Mines games. Join our community.","robots":{"index":"index","follow":"follow","max-snippet":"max-snippet:-1","max-image-preview":"max-image-preview:large","max-video-preview":"max-video-preview:-1"},"canonical":"https:\/\/turbominesgame.com\/pt\/about-us\/","og_locale":"pt_BR","og_type":"article","og_title":"We are Your Ultimate Guide to Online Casino Mines Games","og_description":"Explore turbominesgame for expert insights, strategies, and the latest updates on online casino Mines games. Join our community.","og_url":"https:\/\/turbominesgame.com\/pt\/about-us\/","og_site_name":"Mines by Turbo Games","article_modified_time":"2024-06-28T14:23:08+00:00","twitter_card":"summary_large_image","twitter_misc":{"Est. tempo de leitura":"2 minutos"},"schema":{"@context":"https:\/\/schema.org","@graph":[{"@type":"WebPage","@id":"https:\/\/turbominesgame.com\/about-us\/","url":"https:\/\/turbominesgame.com\/about-us\/","name":"We are Your Ultimate Guide to Online Casino Mines Games","isPartOf":{"@id":"https:\/\/turbominesgame.com\/#website"},"datePublished":"2024-06-28T14:23:06+00:00","dateModified":"2024-06-28T14:23:08+00:00","description":"Explore turbominesgame for expert insights, strategies, and the latest updates on online casino Mines games. Join our community.","breadcrumb":{"@id":"https:\/\/turbominesgame.com\/about-us\/#breadcrumb"},"inLanguage":"pt-BR","potentialAction":[{"@type":"ReadAction","target":["https:\/\/turbominesgame.com\/about-us\/"]}]},{"@type":"BreadcrumbList","@id":"https:\/\/turbominesgame.com\/about-us\/#breadcrumb","itemListElement":[{"@type":"ListItem","position":1,"name":"Home","item":"https:\/\/turbominesgame.com\/"},{"@type":"ListItem","position":2,"name":"About Us"}]},{"@type":"WebSite","@id":"https:\/\/turbominesgame.com\/#website","url":"https:\/\/turbominesgame.com\/","name":"Mines by Turbo Games","description":"Turbo Games Mines","publisher":{"@id":"https:\/\/turbominesgame.com\/#organization"},"potentialAction":[{"@type":"SearchAction","target":{"@type":"EntryPoint","urlTemplate":"https:\/\/turbominesgame.com\/?s={search_term_string}"},"query-input":"required name=search_term_string"}],"inLanguage":"pt-BR"},{"@type":"Organization","@id":"https:\/\/turbominesgame.com\/#organization","name":"Mines by Turbo Games","url":"https:\/\/turbominesgame.com\/","logo":{"@type":"ImageObject","inLanguage":"pt-BR","@id":"https:\/\/turbominesgame.com\/#\/schema\/logo\/image\/","url":"https:\/\/turbominesgame.com\/wp-content\/uploads\/2023\/07\/Mines-by-Turbo-Games-logo.png","contentUrl":"https:\/\/turbominesgame.com\/wp-content\/uploads\/2023\/07\/Mines-by-Turbo-Games-logo.png","width":300,"height":178,"caption":"Mines by Turbo Games"},"image":{"@id":"https:\/\/turbominesgame.com\/#\/schema\/logo\/image\/"}}]}},"_links":{"self":[{"href":"https:\/\/turbominesgame.com\/pt\/wp-json\/wp\/v2\/pages\/112","targetHints":{"allow":["GET"]}}],"collection":[{"href":"https:\/\/turbominesgame.com\/pt\/wp-json\/wp\/v2\/pages"}],"about":[{"href":"https:\/\/turbominesgame.com\/pt\/wp-json\/wp\/v2\/types\/page"}],"author":[{"embeddable":true,"href":"https:\/\/turbominesgame.com\/pt\/wp-json\/wp\/v2\/users\/1"}],"replies":[{"embeddable":true,"href":"https:\/\/turbominesgame.com\/pt\/wp-json\/wp\/v2\/comments?post=112"}],"version-history":[{"count":3,"href":"https:\/\/turbominesgame.com\/pt\/wp-json\/wp\/v2\/pages\/112\/revisions"}],"predecessor-version":[{"id":158,"href":"https:\/\/turbominesgame.com\/pt\/wp-json\/wp\/v2\/pages\/112\/revisions\/158"}],"wp:attachment":[{"href":"https:\/\/turbominesgame.com\/pt\/wp-json\/wp\/v2\/media?parent=112"}],"curies":[{"name":"wp","href":"https:\/\/api.w.org\/{rel}","templated":true}]}}