{"id":159,"date":"2024-06-28T14:26:34","date_gmt":"2024-06-28T14:26:34","guid":{"rendered":"https:\/\/turbominesgame.com\/?page_id=159"},"modified":"2024-06-28T14:26:37","modified_gmt":"2024-06-28T14:26:37","slug":"privacy-policy","status":"publish","type":"page","link":"https:\/\/turbominesgame.com\/pt\/privacy-policy\/","title":{"rendered":"Pol\u00edtica de privacidade"},"content":{"rendered":"<h1 class=\"wp-block-heading has-mercury-white-color has-text-color has-link-color wp-elements-ecbf57b880b86c17ee26d44eceae5efa\">Pol\u00edtica de privacidade<\/h1>\n\n\n\n<p>\u00daltima atualiza\u00e7\u00e3o: 28 de junho de 2024<\/p>\n\n\n\n<p>Esta Pol\u00edtica de Privacidade explica as pol\u00edticas e os procedimentos relativos \u00e0 coleta, ao uso e \u00e0 divulga\u00e7\u00e3o de informa\u00e7\u00f5es pessoais que recebemos dos usu\u00e1rios do<a href=\"https:\/\/turbominesgame.com\/pt\/\"> https:\/\/turbominesgame.com\/<\/a> (denominado \"Servi\u00e7o\"). Ele tamb\u00e9m descreve seus direitos de privacidade e as prote\u00e7\u00f5es fornecidas por lei.<\/p>\n\n\n\n<p>N\u00f3s nos dedicamos a proteger e respeitar sua privacidade. Os dados pessoais coletados s\u00e3o utilizados para aprimorar e fornecer o Servi\u00e7o. Ao acessar e usar o Servi\u00e7o, voc\u00ea concorda com a coleta e o uso de informa\u00e7\u00f5es conforme descrito nesta Pol\u00edtica de Privacidade.<\/p>\n\n\n\n<h2 class=\"wp-block-heading\"><strong>Interpreta\u00e7\u00e3o e defini\u00e7\u00f5es<\/strong><\/h2>\n\n\n\n<h3 class=\"wp-block-heading\"><strong>Interpreta\u00e7\u00e3o<\/strong><\/h3>\n\n\n\n<p>Os termos com letras iniciais mai\u00fasculas t\u00eam significados definidos nesta pol\u00edtica, quer apare\u00e7am no singular ou no plural.<\/p>\n\n\n\n<h3 class=\"wp-block-heading\"><strong>Defini\u00e7\u00f5es<\/strong><\/h3>\n\n\n\n<p>Para os fins desta Pol\u00edtica de Privacidade:<\/p>\n\n\n\n<ul class=\"wp-block-list\">\n<li><strong>Conta<\/strong>: Uma conta exclusiva criada para que voc\u00ea acesse nosso Servi\u00e7o ou partes dele.<\/li>\n\n\n\n<li><strong>Afiliado<\/strong>: Uma entidade que controla, \u00e9 controlada por ou est\u00e1 sob controle comum com uma parte, onde \"controle\" significa a propriedade de 50% ou mais das a\u00e7\u00f5es, direitos de voto ou outros t\u00edtulos.<\/li>\n\n\n\n<li><strong>Empresa<\/strong> (referida como \"a Empresa\", \"N\u00f3s\", \"Nos\" ou \"Nosso\" neste documento):<a href=\"https:\/\/turbominesgame.com\/pt\/\"> https:\/\/turbominesgame.com\/<\/a>.<\/li>\n\n\n\n<li><strong>Cookies<\/strong>: Pequenos arquivos colocados em seu computador, dispositivo m\u00f3vel ou qualquer outro dispositivo por um site, contendo dados sobre seu hist\u00f3rico de navega\u00e7\u00e3o nesse site.<\/li>\n\n\n\n<li><strong>Pa\u00eds<\/strong>: Estados Unidos.<\/li>\n\n\n\n<li><strong>Dispositivo<\/strong>: Qualquer dispositivo que possa acessar o Servi\u00e7o, como um computador, telefone celular ou tablet digital.<\/li>\n\n\n\n<li><strong>Dados pessoais<\/strong>: Informa\u00e7\u00f5es que identificam ou podem ser usadas para identificar um indiv\u00edduo.<\/li>\n\n\n\n<li><strong>Provedor de servi\u00e7os<\/strong>: Qualquer pessoa f\u00edsica ou jur\u00eddica que processe dados em nome da Empresa, incluindo empresas terceirizadas ou indiv\u00edduos empregados pela Empresa.<\/li>\n\n\n\n<li><strong>Dados de uso<\/strong>: Dados coletados automaticamente, gerados pelo uso do Servi\u00e7o ou da pr\u00f3pria infraestrutura do Servi\u00e7o.<\/li>\n\n\n\n<li><strong>Voc\u00ea<\/strong>: O indiv\u00edduo que est\u00e1 acessando ou usando o Servi\u00e7o, ou a empresa ou outra entidade legal em nome da qual esse indiv\u00edduo est\u00e1 acessando ou usando o Servi\u00e7o.<\/li>\n<\/ul>\n\n\n\n<h2 class=\"wp-block-heading\"><strong>Coleta e uso de seus dados pessoais<\/strong><\/h2>\n\n\n\n<h3 class=\"wp-block-heading\"><strong>Tipos de dados coletados<\/strong><\/h3>\n\n\n\n<h4 class=\"wp-block-heading has-mercury-white-color has-text-color has-link-color wp-elements-43d462929679fb9a206e0ce4ff6c641a\"><strong>Informa\u00e7\u00f5es pessoais<\/strong><\/h4>\n\n\n\n<p>Ao usar nosso Servi\u00e7o, podemos solicitar que voc\u00ea nos forne\u00e7a determinadas informa\u00e7\u00f5es de identifica\u00e7\u00e3o pessoal que podem ser usadas para contat\u00e1-lo ou identific\u00e1-lo. Isso pode incluir, mas n\u00e3o se limita a, seu endere\u00e7o de e-mail e n\u00famero de telefone.<\/p>\n\n\n\n<h4 class=\"wp-block-heading has-mercury-white-color has-text-color has-link-color wp-elements-f73df151d86febaad92d13b006b3a710\"><strong>Dados de uso<\/strong><\/h4>\n\n\n\n<p>Os Dados de Uso s\u00e3o coletados automaticamente ao usar o Servi\u00e7o. Isso pode incluir informa\u00e7\u00f5es como o endere\u00e7o IP (Internet Protocol) do seu Dispositivo, o tipo de navegador, a vers\u00e3o do navegador, as p\u00e1ginas do nosso Servi\u00e7o que voc\u00ea visita, a hora e a data da sua visita, o tempo gasto nessas p\u00e1ginas, identificadores exclusivos de dispositivos e outros dados de diagn\u00f3stico.<\/p>\n\n\n\n<h4 class=\"wp-block-heading has-mercury-white-color has-text-color has-link-color wp-elements-62b381de78f7d28e28e11f319de4d7e4\"><strong>Tecnologias de rastreamento e cookies<\/strong><\/h4>\n\n\n\n<p>Usamos cookies e tecnologias de rastreamento semelhantes para rastrear a atividade em nosso Servi\u00e7o e manter determinadas informa\u00e7\u00f5es. Os cookies s\u00e3o arquivos com uma pequena quantidade de dados que podem incluir um identificador exclusivo an\u00f4nimo. Os cookies s\u00e3o enviados ao seu navegador a partir de um site e armazenados em seu dispositivo.<\/p>\n\n\n\n<h3 class=\"wp-block-heading\"><strong>Uso de seus dados pessoais<\/strong><\/h3>\n\n\n\n<p>A Empresa pode usar os Dados Pessoais para as seguintes finalidades:<\/p>\n\n\n\n<ul class=\"wp-block-list\">\n<li><strong>Para fornecer e manter nosso Servi\u00e7o<\/strong>incluindo o monitoramento do uso de nosso Servi\u00e7o.<\/li>\n\n\n\n<li><strong>Para gerenciar sua conta<\/strong>: Seus Dados Pessoais podem lhe dar acesso a diferentes funcionalidades do Servi\u00e7o dispon\u00edveis para usu\u00e1rios registrados.<\/li>\n\n\n\n<li><strong>Para transfer\u00eancias de neg\u00f3cios<\/strong>: Podemos usar suas informa\u00e7\u00f5es para avaliar ou conduzir uma fus\u00e3o, venda de ativos ou aquisi\u00e7\u00e3o.<\/li>\n\n\n\n<li><strong>Para fornecer suporte ao cliente<\/strong>, aumentar a seguran\u00e7a dos dados e evitar fraudes.<\/li>\n<\/ul>\n\n\n\n<h3 class=\"wp-block-heading\"><strong>Divulga\u00e7\u00e3o de seus dados pessoais<\/strong><\/h3>\n\n\n\n<p>Podemos compartilhar suas informa\u00e7\u00f5es pessoais nas seguintes situa\u00e7\u00f5es:<\/p>\n\n\n\n<ul class=\"wp-block-list\">\n<li><strong>Com provedores de servi\u00e7os<\/strong>: Compartilhamos suas informa\u00e7\u00f5es pessoais com os provedores de servi\u00e7os para monitorar e analisar o uso do nosso Servi\u00e7o.<\/li>\n\n\n\n<li><strong>Para transfer\u00eancias de neg\u00f3cios<\/strong>: Podemos compartilhar ou transferir suas informa\u00e7\u00f5es pessoais em conex\u00e3o com, ou durante as negocia\u00e7\u00f5es de, qualquer fus\u00e3o, venda de ativos da Empresa, financiamento ou aquisi\u00e7\u00e3o de toda ou parte de nossos neg\u00f3cios para outra empresa.<\/li>\n\n\n\n<li><strong>Com afiliados<\/strong>: Podemos compartilhar suas informa\u00e7\u00f5es com nossas afiliadas e, nesse caso, exigiremos que essas afiliadas respeitem esta Pol\u00edtica de Privacidade.<\/li>\n\n\n\n<li><strong>Com parceiros de neg\u00f3cios<\/strong>: Para lhe oferecer determinados produtos, servi\u00e7os ou promo\u00e7\u00f5es.<\/li>\n<\/ul>\n\n\n\n<h3 class=\"wp-block-heading\"><strong>Reten\u00e7\u00e3o de seus dados pessoais<\/strong><\/h3>\n\n\n\n<p>A Empresa reter\u00e1 seus Dados Pessoais somente pelo tempo necess\u00e1rio para as finalidades estabelecidas nesta Pol\u00edtica de Privacidade. Reteremos e usaremos seus Dados Pessoais na medida necess\u00e1ria para cumprir nossas obriga\u00e7\u00f5es legais, resolver disputas e fazer cumprir nossos acordos e pol\u00edticas legais.<\/p>\n\n\n\n<h3 class=\"wp-block-heading\"><strong>Seguran\u00e7a de seus dados pessoais<\/strong><\/h3>\n\n\n\n<p>A seguran\u00e7a de seus Dados Pessoais \u00e9 importante para n\u00f3s. No entanto, nenhum m\u00e9todo de transmiss\u00e3o pela Internet ou m\u00e9todo de armazenamento eletr\u00f4nico \u00e9 100% seguro. Embora nos esforcemos para usar meios comercialmente aceit\u00e1veis para proteger seus Dados Pessoais, n\u00e3o podemos garantir sua seguran\u00e7a absoluta.<\/p>\n\n\n\n<h2 class=\"wp-block-heading\"><strong>Entre em contato conosco<\/strong><\/h2>\n\n\n\n<p>Se voc\u00ea tiver alguma d\u00favida sobre esta Pol\u00edtica de Privacidade, por favor <a href=\"https:\/\/turbominesgame.com\/pt\/contact-us\/\">Entre em contato conosco<\/a>.<\/p>","protected":false},"excerpt":{"rendered":"<p>Pol\u00edtica de Privacidade \u00daltima atualiza\u00e7\u00e3o: 28 de junho de 2024 Esta Pol\u00edtica de Privacidade explica as pol\u00edticas e os procedimentos relativos \u00e0 coleta, ao uso e \u00e0 divulga\u00e7\u00e3o de informa\u00e7\u00f5es pessoais que recebemos dos usu\u00e1rios do https:\/\/turbominesgame.com\/ (denominado \"Servi\u00e7o\"). Ela tamb\u00e9m descreve seus direitos de privacidade e as prote\u00e7\u00f5es fornecidas por lei. N\u00f3s nos dedicamos a proteger e respeitar [...]<\/p>","protected":false},"author":1,"featured_media":0,"parent":0,"menu_order":0,"comment_status":"closed","ping_status":"closed","template":"page-without-title.php","meta":{"footnotes":""},"class_list":["post-159","page","type-page","status-publish","hentry"],"yoast_head":"<!-- This site is optimized with the Yoast SEO plugin v20.12 - https:\/\/yoast.com\/wordpress\/plugins\/seo\/ -->\n<title>Privacy Policy | turbominesgame.com<\/title>\n<meta name=\"description\" content=\"Learn about how we collect, use and protect your personal information and the measures we take to keep your data secure.\" \/>\n<meta name=\"robots\" content=\"index, follow, max-snippet:-1, max-image-preview:large, max-video-preview:-1\" \/>\n<link rel=\"canonical\" href=\"https:\/\/turbominesgame.com\/pt\/privacy-policy\/\" \/>\n<meta property=\"og:locale\" content=\"pt_BR\" \/>\n<meta property=\"og:type\" content=\"article\" \/>\n<meta property=\"og:title\" content=\"Privacy Policy | turbominesgame.com\" \/>\n<meta property=\"og:description\" content=\"Learn about how we collect, use and protect your personal information and the measures we take to keep your data secure.\" \/>\n<meta property=\"og:url\" content=\"https:\/\/turbominesgame.com\/pt\/privacy-policy\/\" \/>\n<meta property=\"og:site_name\" content=\"Mines by Turbo Games\" \/>\n<meta property=\"article:modified_time\" content=\"2024-06-28T14:26:37+00:00\" \/>\n<meta name=\"twitter:card\" content=\"summary_large_image\" \/>\n<meta name=\"twitter:label1\" content=\"Est. tempo de leitura\" \/>\n\t<meta name=\"twitter:data1\" content=\"4 minutos\" \/>\n<script type=\"application\/ld+json\" class=\"yoast-schema-graph\">{\"@context\":\"https:\/\/schema.org\",\"@graph\":[{\"@type\":\"WebPage\",\"@id\":\"https:\/\/turbominesgame.com\/privacy-policy\/\",\"url\":\"https:\/\/turbominesgame.com\/privacy-policy\/\",\"name\":\"Privacy Policy | turbominesgame.com\",\"isPartOf\":{\"@id\":\"https:\/\/turbominesgame.com\/#website\"},\"datePublished\":\"2024-06-28T14:26:34+00:00\",\"dateModified\":\"2024-06-28T14:26:37+00:00\",\"description\":\"Learn about how we collect, use and protect your personal information and the measures we take to keep your data secure.\",\"breadcrumb\":{\"@id\":\"https:\/\/turbominesgame.com\/privacy-policy\/#breadcrumb\"},\"inLanguage\":\"pt-BR\",\"potentialAction\":[{\"@type\":\"ReadAction\",\"target\":[\"https:\/\/turbominesgame.com\/privacy-policy\/\"]}]},{\"@type\":\"BreadcrumbList\",\"@id\":\"https:\/\/turbominesgame.com\/privacy-policy\/#breadcrumb\",\"itemListElement\":[{\"@type\":\"ListItem\",\"position\":1,\"name\":\"Home\",\"item\":\"https:\/\/turbominesgame.com\/\"},{\"@type\":\"ListItem\",\"position\":2,\"name\":\"Privacy Policy\"}]},{\"@type\":\"WebSite\",\"@id\":\"https:\/\/turbominesgame.com\/#website\",\"url\":\"https:\/\/turbominesgame.com\/\",\"name\":\"Mines by Turbo Games\",\"description\":\"Turbo Games Mines\",\"publisher\":{\"@id\":\"https:\/\/turbominesgame.com\/#organization\"},\"potentialAction\":[{\"@type\":\"SearchAction\",\"target\":{\"@type\":\"EntryPoint\",\"urlTemplate\":\"https:\/\/turbominesgame.com\/?s={search_term_string}\"},\"query-input\":\"required name=search_term_string\"}],\"inLanguage\":\"pt-BR\"},{\"@type\":\"Organization\",\"@id\":\"https:\/\/turbominesgame.com\/#organization\",\"name\":\"Mines by Turbo Games\",\"url\":\"https:\/\/turbominesgame.com\/\",\"logo\":{\"@type\":\"ImageObject\",\"inLanguage\":\"pt-BR\",\"@id\":\"https:\/\/turbominesgame.com\/#\/schema\/logo\/image\/\",\"url\":\"https:\/\/turbominesgame.com\/wp-content\/uploads\/2023\/07\/Mines-by-Turbo-Games-logo.png\",\"contentUrl\":\"https:\/\/turbominesgame.com\/wp-content\/uploads\/2023\/07\/Mines-by-Turbo-Games-logo.png\",\"width\":300,\"height\":178,\"caption\":\"Mines by Turbo Games\"},\"image\":{\"@id\":\"https:\/\/turbominesgame.com\/#\/schema\/logo\/image\/\"}}]}<\/script>\n<!-- \/ Yoast SEO plugin. -->","yoast_head_json":{"title":"Privacy Policy | turbominesgame.com","description":"Learn about how we collect, use and protect your personal information and the measures we take to keep your data secure.","robots":{"index":"index","follow":"follow","max-snippet":"max-snippet:-1","max-image-preview":"max-image-preview:large","max-video-preview":"max-video-preview:-1"},"canonical":"https:\/\/turbominesgame.com\/pt\/privacy-policy\/","og_locale":"pt_BR","og_type":"article","og_title":"Privacy Policy | turbominesgame.com","og_description":"Learn about how we collect, use and protect your personal information and the measures we take to keep your data secure.","og_url":"https:\/\/turbominesgame.com\/pt\/privacy-policy\/","og_site_name":"Mines by Turbo Games","article_modified_time":"2024-06-28T14:26:37+00:00","twitter_card":"summary_large_image","twitter_misc":{"Est. tempo de leitura":"4 minutos"},"schema":{"@context":"https:\/\/schema.org","@graph":[{"@type":"WebPage","@id":"https:\/\/turbominesgame.com\/privacy-policy\/","url":"https:\/\/turbominesgame.com\/privacy-policy\/","name":"Privacy Policy | turbominesgame.com","isPartOf":{"@id":"https:\/\/turbominesgame.com\/#website"},"datePublished":"2024-06-28T14:26:34+00:00","dateModified":"2024-06-28T14:26:37+00:00","description":"Learn about how we collect, use and protect your personal information and the measures we take to keep your data secure.","breadcrumb":{"@id":"https:\/\/turbominesgame.com\/privacy-policy\/#breadcrumb"},"inLanguage":"pt-BR","potentialAction":[{"@type":"ReadAction","target":["https:\/\/turbominesgame.com\/privacy-policy\/"]}]},{"@type":"BreadcrumbList","@id":"https:\/\/turbominesgame.com\/privacy-policy\/#breadcrumb","itemListElement":[{"@type":"ListItem","position":1,"name":"Home","item":"https:\/\/turbominesgame.com\/"},{"@type":"ListItem","position":2,"name":"Privacy Policy"}]},{"@type":"WebSite","@id":"https:\/\/turbominesgame.com\/#website","url":"https:\/\/turbominesgame.com\/","name":"Mines by Turbo Games","description":"Turbo Games Mines","publisher":{"@id":"https:\/\/turbominesgame.com\/#organization"},"potentialAction":[{"@type":"SearchAction","target":{"@type":"EntryPoint","urlTemplate":"https:\/\/turbominesgame.com\/?s={search_term_string}"},"query-input":"required name=search_term_string"}],"inLanguage":"pt-BR"},{"@type":"Organization","@id":"https:\/\/turbominesgame.com\/#organization","name":"Mines by Turbo Games","url":"https:\/\/turbominesgame.com\/","logo":{"@type":"ImageObject","inLanguage":"pt-BR","@id":"https:\/\/turbominesgame.com\/#\/schema\/logo\/image\/","url":"https:\/\/turbominesgame.com\/wp-content\/uploads\/2023\/07\/Mines-by-Turbo-Games-logo.png","contentUrl":"https:\/\/turbominesgame.com\/wp-content\/uploads\/2023\/07\/Mines-by-Turbo-Games-logo.png","width":300,"height":178,"caption":"Mines by Turbo Games"},"image":{"@id":"https:\/\/turbominesgame.com\/#\/schema\/logo\/image\/"}}]}},"_links":{"self":[{"href":"https:\/\/turbominesgame.com\/pt\/wp-json\/wp\/v2\/pages\/159","targetHints":{"allow":["GET"]}}],"collection":[{"href":"https:\/\/turbominesgame.com\/pt\/wp-json\/wp\/v2\/pages"}],"about":[{"href":"https:\/\/turbominesgame.com\/pt\/wp-json\/wp\/v2\/types\/page"}],"author":[{"embeddable":true,"href":"https:\/\/turbominesgame.com\/pt\/wp-json\/wp\/v2\/users\/1"}],"replies":[{"embeddable":true,"href":"https:\/\/turbominesgame.com\/pt\/wp-json\/wp\/v2\/comments?post=159"}],"version-history":[{"count":3,"href":"https:\/\/turbominesgame.com\/pt\/wp-json\/wp\/v2\/pages\/159\/revisions"}],"predecessor-version":[{"id":184,"href":"https:\/\/turbominesgame.com\/pt\/wp-json\/wp\/v2\/pages\/159\/revisions\/184"}],"wp:attachment":[{"href":"https:\/\/turbominesgame.com\/pt\/wp-json\/wp\/v2\/media?parent=159"}],"curies":[{"name":"wp","href":"https:\/\/api.w.org\/{rel}","templated":true}]}}