{"id":112,"date":"2024-06-28T14:23:06","date_gmt":"2024-06-28T14:23:06","guid":{"rendered":"https:\/\/turbominesgame.com\/?page_id=112"},"modified":"2024-06-28T14:23:08","modified_gmt":"2024-06-28T14:23:08","slug":"about-us","status":"publish","type":"page","link":"https:\/\/turbominesgame.com\/tr\/about-us\/","title":{"rendered":"Hakk\u0131m\u0131zda"},"content":{"rendered":"<h1 class=\"wp-block-heading has-mercury-white-color has-text-color has-link-color wp-elements-6ebb5f85b6e4d2045143fcae914e01a0\"><strong>Hakk\u0131m\u0131zda<\/strong><\/h1>\n\n\n\n<p>Ho\u015f geldiniz<a href=\"https:\/\/turbominesgame.com\/tr\/\"> https:\/\/turbominesgame.com\/<\/a>casino Mines oyunlar\u0131 ile ilgili her \u015fey i\u00e7in gidece\u011finiz yer. Tutkulu merakl\u0131lar ve deneyimli oyuncular olarak, s\u00fcrekli geli\u015fen \u00e7evrimi\u00e7i Mines d\u00fcnyas\u0131nda bilgimizi, heyecan\u0131m\u0131z\u0131 ve en son g\u00fcncellemeleri payla\u015fmaya kendimizi adad\u0131k. Misyonumuz, oyun deneyiminizi y\u00fckseltmek i\u00e7in size derinlemesine i\u00e7g\u00f6r\u00fcler, etkili stratejiler ve en g\u00fcncel bilgileri sa\u011flamakt\u0131r.<\/p>\n\n\n\n<h2 class=\"wp-block-heading\"><strong>Web Sitemiz<\/strong><\/h2>\n\n\n\n<p>Oyuncular taraf\u0131ndan oyuncular i\u00e7in yarat\u0131lm\u0131\u015ft\u0131r,<a href=\"https:\/\/turbominesgame.com\/tr\/\"> https:\/\/turbominesgame.com\/<\/a> her tavsiyenin, strateji rehberinin ve g\u00fcncellemenin y\u0131llar\u0131n deneyimine ve Mines oyunlar\u0131na duyulan ger\u00e7ek bir sevgiye dayand\u0131\u011f\u0131ndan emin olur. Sizi Mines oyunlar\u0131ndan tam anlam\u0131yla keyif alman\u0131z i\u00e7in gereken bilgilerle donatmay\u0131 ama\u00e7l\u0131yoruz.<\/p>\n\n\n\n<h2 class=\"wp-block-heading\"><strong>Hedefimiz<\/strong><\/h2>\n\n\n\n<p>\u00d6ncelikli hedefimiz, Mines oyunlar\u0131na tutku duyan Mines oyun merakl\u0131lar\u0131ndan olu\u015fan canl\u0131 bir topluluk olu\u015fturmakt\u0131r. Hayat\u0131n her kesiminden oyuncularla ba\u011flant\u0131 kurmaya, bilgi payla\u015fmaya, galibiyetleri kutlamaya ve birbirimizin deneyimlerinden \u00f6\u011frenmeye \u00e7al\u0131\u015f\u0131yoruz. Mines oyunlar\u0131 oyuncular\u0131ndan olu\u015fan destekleyici, bilgili ve tutkulu bir topluluk olu\u015fturma misyonumuzda bize kat\u0131l\u0131n.<\/p>\n\n\n\n<h2 class=\"wp-block-heading\"><strong>De\u011ferlerimiz<\/strong><\/h2>\n\n\n\n<p><strong>D\u00fcr\u00fcstl\u00fck:<\/strong> At<a href=\"https:\/\/turbominesgame.com\/tr\/\"> https:\/\/turbominesgame.com\/<\/a>en y\u00fcksek d\u00fcr\u00fcstl\u00fck standartlar\u0131n\u0131 benimsiyoruz. D\u00fcr\u00fcst ve \u015feffaf incelemeler ve g\u00fcncellemeler sunarak do\u011fru ve g\u00fcvenilir bilgiler alman\u0131z\u0131 sa\u011fl\u0131yoruz.<\/p>\n\n\n\n<p><strong>Sorumluluk:<\/strong> Sorumlu oyun oynamay\u0131 te\u015fvik etmek felsefemizin \u00f6z\u00fcnde yer almaktad\u0131r. Oyun oynaman\u0131n bir keyif kayna\u011f\u0131 olmas\u0131 ve strese veya mali zorluklara yol a\u00e7mamas\u0131 gerekti\u011fini vurgulayarak oyun oynamaya dengeli bir yakla\u015f\u0131m\u0131 savunuyoruz.<\/p>\n\n\n\n<p><strong>Kalite:<\/strong> Oyun deneyiminizi geli\u015ftiren y\u00fcksek kaliteli i\u00e7erik sunmay\u0131 taahh\u00fct ediyoruz. K\u0131lavuzlar\u0131m\u0131z, ipu\u00e7lar\u0131m\u0131z ve stratejilerimiz, Mines oyunlar\u0131ndaki anlay\u0131\u015f\u0131n\u0131z\u0131 ve performans\u0131n\u0131z\u0131 geli\u015ftirmek i\u00e7in \u00f6zenle haz\u0131rlanm\u0131\u015ft\u0131r.<\/p>\n\n\n\n<p><strong>\u015eeffafl\u0131k:<\/strong> Toplulu\u011fumuzla tam \u015feffafl\u0131\u011fa inan\u0131yoruz. \u0130ncelemelerimiz, \u00f6nerilerimiz ve i\u00e7eri\u011fimiz, hem olumlu hem de olumsuz t\u00fcm y\u00f6nleri kapsayan ger\u00e7ek deneyimlerimizi ve i\u00e7g\u00f6r\u00fclerimizi yans\u0131tmaktad\u0131r.<\/p>\n\n\n\n<h2 class=\"wp-block-heading\"><strong>Sorumlu Oyun<\/strong><\/h2>\n\n\n\n<p><a href=\"https:\/\/turbominesgame.com\/tr\/\">https:\/\/turbominesgame.com\/<\/a> sorumlu kumar oynamay\u0131 te\u015fvik eder. \u00c7evrimi\u00e7i oyunlar\u0131 finansal veya duygusal sorunlara bir \u00e7\u00f6z\u00fcm olarak de\u011fil, bir e\u011flence bi\u00e7imi olarak g\u00f6rmek \u00e7ok \u00f6nemlidir. Okurlar\u0131m\u0131z\u0131, potansiyel kumar sorunlar\u0131n\u0131n i\u015faretlerini tan\u0131malar\u0131 ve sorumlu bir \u015fekilde oynamak i\u00e7in mevcut ara\u00e7 ve kaynaklar\u0131 kullanmalar\u0131 konusunda destekliyoruz. Unutmay\u0131n, birincil hedef e\u011flencedir ve ki\u015fisel veya profesyonel ya\u015fam\u0131n\u0131z\u0131 olumsuz etkilememelidir.<\/p>\n\n\n\n<p>Toplulu\u011fumuza bug\u00fcn kat\u0131l\u0131n ve her oyun ad\u0131m\u0131n\u0131 bizimle optimize etmeye ba\u015flay\u0131n!<\/p>","protected":false},"excerpt":{"rendered":"<p>Hakk\u0131m\u0131zda Casino Mines oyunlar\u0131yla ilgili her \u015fey i\u00e7in gidece\u011finiz yer olan https:\/\/turbominesgame.com\/'a ho\u015f geldiniz. Tutkulu merakl\u0131lar ve deneyimli oyuncular olarak, s\u00fcrekli geli\u015fen \u00e7evrimi\u00e7i Mines d\u00fcnyas\u0131nda bilgimizi, heyecan\u0131m\u0131z\u0131 ve en son g\u00fcncellemeleri payla\u015fmaya kendimizi adad\u0131k. Misyonumuz size derinlemesine i\u00e7g\u00f6r\u00fcler, etkili stratejiler ve en [...]<\/p>","protected":false},"author":1,"featured_media":0,"parent":0,"menu_order":0,"comment_status":"closed","ping_status":"closed","template":"page-without-title.php","meta":{"footnotes":""},"class_list":["post-112","page","type-page","status-publish","hentry"],"yoast_head":"<!-- This site is optimized with the Yoast SEO plugin v20.12 - https:\/\/yoast.com\/wordpress\/plugins\/seo\/ -->\n<title>We are Your Ultimate Guide to Online Casino Mines Games<\/title>\n<meta name=\"description\" content=\"Explore turbominesgame for expert insights, strategies, and the latest updates on online casino Mines games. Join our community.\" \/>\n<meta name=\"robots\" content=\"index, follow, max-snippet:-1, max-image-preview:large, max-video-preview:-1\" \/>\n<link rel=\"canonical\" href=\"https:\/\/turbominesgame.com\/tr\/about-us\/\" \/>\n<meta property=\"og:locale\" content=\"tr_TR\" \/>\n<meta property=\"og:type\" content=\"article\" \/>\n<meta property=\"og:title\" content=\"We are Your Ultimate Guide to Online Casino Mines Games\" \/>\n<meta property=\"og:description\" content=\"Explore turbominesgame for expert insights, strategies, and the latest updates on online casino Mines games. Join our community.\" \/>\n<meta property=\"og:url\" content=\"https:\/\/turbominesgame.com\/tr\/about-us\/\" \/>\n<meta property=\"og:site_name\" content=\"Mines by Turbo Games\" \/>\n<meta property=\"article:modified_time\" content=\"2024-06-28T14:23:08+00:00\" \/>\n<meta name=\"twitter:card\" content=\"summary_large_image\" \/>\n<meta name=\"twitter:label1\" content=\"Tahmini okuma s\u00fcresi\" \/>\n\t<meta name=\"twitter:data1\" content=\"2 dakika\" \/>\n<script type=\"application\/ld+json\" class=\"yoast-schema-graph\">{\"@context\":\"https:\/\/schema.org\",\"@graph\":[{\"@type\":\"WebPage\",\"@id\":\"https:\/\/turbominesgame.com\/about-us\/\",\"url\":\"https:\/\/turbominesgame.com\/about-us\/\",\"name\":\"We are Your Ultimate Guide to Online Casino Mines Games\",\"isPartOf\":{\"@id\":\"https:\/\/turbominesgame.com\/#website\"},\"datePublished\":\"2024-06-28T14:23:06+00:00\",\"dateModified\":\"2024-06-28T14:23:08+00:00\",\"description\":\"Explore turbominesgame for expert insights, strategies, and the latest updates on online casino Mines games. Join our community.\",\"breadcrumb\":{\"@id\":\"https:\/\/turbominesgame.com\/about-us\/#breadcrumb\"},\"inLanguage\":\"tr\",\"potentialAction\":[{\"@type\":\"ReadAction\",\"target\":[\"https:\/\/turbominesgame.com\/about-us\/\"]}]},{\"@type\":\"BreadcrumbList\",\"@id\":\"https:\/\/turbominesgame.com\/about-us\/#breadcrumb\",\"itemListElement\":[{\"@type\":\"ListItem\",\"position\":1,\"name\":\"Home\",\"item\":\"https:\/\/turbominesgame.com\/\"},{\"@type\":\"ListItem\",\"position\":2,\"name\":\"About Us\"}]},{\"@type\":\"WebSite\",\"@id\":\"https:\/\/turbominesgame.com\/#website\",\"url\":\"https:\/\/turbominesgame.com\/\",\"name\":\"Mines by Turbo Games\",\"description\":\"Turbo Games Mines\",\"publisher\":{\"@id\":\"https:\/\/turbominesgame.com\/#organization\"},\"potentialAction\":[{\"@type\":\"SearchAction\",\"target\":{\"@type\":\"EntryPoint\",\"urlTemplate\":\"https:\/\/turbominesgame.com\/?s={search_term_string}\"},\"query-input\":\"required name=search_term_string\"}],\"inLanguage\":\"tr\"},{\"@type\":\"Organization\",\"@id\":\"https:\/\/turbominesgame.com\/#organization\",\"name\":\"Mines by Turbo Games\",\"url\":\"https:\/\/turbominesgame.com\/\",\"logo\":{\"@type\":\"ImageObject\",\"inLanguage\":\"tr\",\"@id\":\"https:\/\/turbominesgame.com\/#\/schema\/logo\/image\/\",\"url\":\"https:\/\/turbominesgame.com\/wp-content\/uploads\/2023\/07\/Mines-by-Turbo-Games-logo.png\",\"contentUrl\":\"https:\/\/turbominesgame.com\/wp-content\/uploads\/2023\/07\/Mines-by-Turbo-Games-logo.png\",\"width\":300,\"height\":178,\"caption\":\"Mines by Turbo Games\"},\"image\":{\"@id\":\"https:\/\/turbominesgame.com\/#\/schema\/logo\/image\/\"}}]}<\/script>\n<!-- \/ Yoast SEO plugin. -->","yoast_head_json":{"title":"We are Your Ultimate Guide to Online Casino Mines Games","description":"Explore turbominesgame for expert insights, strategies, and the latest updates on online casino Mines games. Join our community.","robots":{"index":"index","follow":"follow","max-snippet":"max-snippet:-1","max-image-preview":"max-image-preview:large","max-video-preview":"max-video-preview:-1"},"canonical":"https:\/\/turbominesgame.com\/tr\/about-us\/","og_locale":"tr_TR","og_type":"article","og_title":"We are Your Ultimate Guide to Online Casino Mines Games","og_description":"Explore turbominesgame for expert insights, strategies, and the latest updates on online casino Mines games. Join our community.","og_url":"https:\/\/turbominesgame.com\/tr\/about-us\/","og_site_name":"Mines by Turbo Games","article_modified_time":"2024-06-28T14:23:08+00:00","twitter_card":"summary_large_image","twitter_misc":{"Tahmini okuma s\u00fcresi":"2 dakika"},"schema":{"@context":"https:\/\/schema.org","@graph":[{"@type":"WebPage","@id":"https:\/\/turbominesgame.com\/about-us\/","url":"https:\/\/turbominesgame.com\/about-us\/","name":"We are Your Ultimate Guide to Online Casino Mines Games","isPartOf":{"@id":"https:\/\/turbominesgame.com\/#website"},"datePublished":"2024-06-28T14:23:06+00:00","dateModified":"2024-06-28T14:23:08+00:00","description":"Explore turbominesgame for expert insights, strategies, and the latest updates on online casino Mines games. Join our community.","breadcrumb":{"@id":"https:\/\/turbominesgame.com\/about-us\/#breadcrumb"},"inLanguage":"tr","potentialAction":[{"@type":"ReadAction","target":["https:\/\/turbominesgame.com\/about-us\/"]}]},{"@type":"BreadcrumbList","@id":"https:\/\/turbominesgame.com\/about-us\/#breadcrumb","itemListElement":[{"@type":"ListItem","position":1,"name":"Home","item":"https:\/\/turbominesgame.com\/"},{"@type":"ListItem","position":2,"name":"About Us"}]},{"@type":"WebSite","@id":"https:\/\/turbominesgame.com\/#website","url":"https:\/\/turbominesgame.com\/","name":"Mines by Turbo Games","description":"Turbo Games Mines","publisher":{"@id":"https:\/\/turbominesgame.com\/#organization"},"potentialAction":[{"@type":"SearchAction","target":{"@type":"EntryPoint","urlTemplate":"https:\/\/turbominesgame.com\/?s={search_term_string}"},"query-input":"required name=search_term_string"}],"inLanguage":"tr"},{"@type":"Organization","@id":"https:\/\/turbominesgame.com\/#organization","name":"Mines by Turbo Games","url":"https:\/\/turbominesgame.com\/","logo":{"@type":"ImageObject","inLanguage":"tr","@id":"https:\/\/turbominesgame.com\/#\/schema\/logo\/image\/","url":"https:\/\/turbominesgame.com\/wp-content\/uploads\/2023\/07\/Mines-by-Turbo-Games-logo.png","contentUrl":"https:\/\/turbominesgame.com\/wp-content\/uploads\/2023\/07\/Mines-by-Turbo-Games-logo.png","width":300,"height":178,"caption":"Mines by Turbo Games"},"image":{"@id":"https:\/\/turbominesgame.com\/#\/schema\/logo\/image\/"}}]}},"_links":{"self":[{"href":"https:\/\/turbominesgame.com\/tr\/wp-json\/wp\/v2\/pages\/112","targetHints":{"allow":["GET"]}}],"collection":[{"href":"https:\/\/turbominesgame.com\/tr\/wp-json\/wp\/v2\/pages"}],"about":[{"href":"https:\/\/turbominesgame.com\/tr\/wp-json\/wp\/v2\/types\/page"}],"author":[{"embeddable":true,"href":"https:\/\/turbominesgame.com\/tr\/wp-json\/wp\/v2\/users\/1"}],"replies":[{"embeddable":true,"href":"https:\/\/turbominesgame.com\/tr\/wp-json\/wp\/v2\/comments?post=112"}],"version-history":[{"count":3,"href":"https:\/\/turbominesgame.com\/tr\/wp-json\/wp\/v2\/pages\/112\/revisions"}],"predecessor-version":[{"id":158,"href":"https:\/\/turbominesgame.com\/tr\/wp-json\/wp\/v2\/pages\/112\/revisions\/158"}],"wp:attachment":[{"href":"https:\/\/turbominesgame.com\/tr\/wp-json\/wp\/v2\/media?parent=112"}],"curies":[{"name":"wp","href":"https:\/\/api.w.org\/{rel}","templated":true}]}}