{"id":159,"date":"2024-06-28T14:26:34","date_gmt":"2024-06-28T14:26:34","guid":{"rendered":"https:\/\/turbominesgame.com\/?page_id=159"},"modified":"2024-06-28T14:26:37","modified_gmt":"2024-06-28T14:26:37","slug":"privacy-policy","status":"publish","type":"page","link":"https:\/\/turbominesgame.com\/tr\/privacy-policy\/","title":{"rendered":"Gizlilik Politikas\u0131"},"content":{"rendered":"<h1 class=\"wp-block-heading has-mercury-white-color has-text-color has-link-color wp-elements-ecbf57b880b86c17ee26d44eceae5efa\">Gizlilik Politikas\u0131<\/h1>\n\n\n\n<p>Son g\u00fcncelleme: 28 Haziran 2024<\/p>\n\n\n\n<p>Bu Gizlilik Politikas\u0131, a\u015fa\u011f\u0131dakilerin kullan\u0131c\u0131lar\u0131ndan ald\u0131\u011f\u0131m\u0131z ki\u015fisel bilgilerin toplanmas\u0131, kullan\u0131lmas\u0131 ve if\u015fa edilmesine ili\u015fkin politika ve prosed\u00fcrleri a\u00e7\u0131klamaktad\u0131r<a href=\"https:\/\/turbominesgame.com\/tr\/\"> https:\/\/turbominesgame.com\/<\/a> (\"Hizmet\" olarak an\u0131lacakt\u0131r). Ayr\u0131ca gizlilik haklar\u0131n\u0131z\u0131 ve yasalarca sa\u011flanan korumalar\u0131 da \u00f6zetlemektedir.<\/p>\n\n\n\n<p>Kendimizi gizlili\u011finizi korumaya ve sayg\u0131 g\u00f6stermeye adad\u0131k. Toplanan ki\u015fisel veriler, Hizmeti geli\u015ftirmek ve sunmak i\u00e7in kullan\u0131l\u0131r. Hizmete eri\u015ferek ve Hizmeti kullanarak, bilgilerin bu Gizlilik Politikas\u0131nda a\u00e7\u0131kland\u0131\u011f\u0131 \u015fekilde toplanmas\u0131na ve kullan\u0131lmas\u0131na izin vermi\u015f olursunuz.<\/p>\n\n\n\n<h2 class=\"wp-block-heading\"><strong>Yorum ve Tan\u0131mlar<\/strong><\/h2>\n\n\n\n<h3 class=\"wp-block-heading\"><strong>Yorumlama<\/strong><\/h3>\n\n\n\n<p>Ba\u015f harfleri b\u00fcy\u00fck olan terimler, ister tekil ister \u00e7o\u011ful formda g\u00f6r\u00fcns\u00fcnler, bu poli\u00e7e kapsam\u0131nda tan\u0131mlanan anlamlara sahiptir.<\/p>\n\n\n\n<h3 class=\"wp-block-heading\"><strong>Tan\u0131mlar<\/strong><\/h3>\n\n\n\n<p>Bu Gizlilik Politikas\u0131n\u0131n ama\u00e7lar\u0131 do\u011frultusunda:<\/p>\n\n\n\n<ul class=\"wp-block-list\">\n<li><strong>Hesap<\/strong>: Hizmetimize veya Hizmetimizin b\u00f6l\u00fcmlerine eri\u015fmeniz i\u00e7in olu\u015fturulan benzersiz bir hesap.<\/li>\n\n\n\n<li><strong>\u0130\u015ftirak<\/strong>: Bir taraf\u0131 kontrol eden, bir taraf\u00e7a kontrol edilen ya da bir tarafla ortak kontrol alt\u0131nda bulunan kurulu\u015f; burada \"kontrol\", hisselerin, oy haklar\u0131n\u0131n ya da di\u011fer menkul k\u0131ymetlerin %%'ine ya da daha fazlas\u0131na sahip olma anlam\u0131na gelmektedir.<\/li>\n\n\n\n<li><strong>\u015eirket<\/strong> (bu belgede \"\u015eirket\", \"Biz\", \"Bize\" veya \"Bizim\" olarak an\u0131lacakt\u0131r):<a href=\"https:\/\/turbominesgame.com\/tr\/\"> https:\/\/turbominesgame.com\/<\/a>.<\/li>\n\n\n\n<li><strong>\u00c7erezler<\/strong>: Bir web sitesi taraf\u0131ndan bilgisayar\u0131n\u0131za, mobil cihaz\u0131n\u0131za veya ba\u015fka bir cihaza yerle\u015ftirilen ve s\u00f6z konusu web sitesindeki tarama ge\u00e7mi\u015finizle ilgili verileri i\u00e7eren k\u00fc\u00e7\u00fck dosyalar.<\/li>\n\n\n\n<li><strong>\u00dclke<\/strong>: Birle\u015fik Devletler.<\/li>\n\n\n\n<li><strong>Cihaz<\/strong>: Bilgisayar, cep telefonu veya dijital tablet gibi Hizmete eri\u015febilen herhangi bir cihaz.<\/li>\n\n\n\n<li><strong>Ki\u015fisel Veriler<\/strong>: Bir bireyi tan\u0131mlayan veya tan\u0131mlamak i\u00e7in kullan\u0131labilecek bilgiler.<\/li>\n\n\n\n<li><strong>Hizmet Sa\u011flay\u0131c\u0131<\/strong>: \u00dc\u00e7\u00fcnc\u00fc taraf \u015firketler veya \u015eirket taraf\u0131ndan istihdam edilen bireyler de dahil olmak \u00fczere \u015eirket ad\u0131na veri i\u015fleyen herhangi bir ger\u00e7ek veya t\u00fczel ki\u015fi.<\/li>\n\n\n\n<li><strong>Kullan\u0131m Verileri<\/strong>: Otomatik olarak toplanan, Hizmetin kullan\u0131m\u0131 veya Hizmet altyap\u0131s\u0131n\u0131n kendisi taraf\u0131ndan olu\u015fturulan veriler.<\/li>\n\n\n\n<li><strong>Sen<\/strong>: Hizmete eri\u015fen veya Hizmeti kullanan ki\u015fi veya s\u00f6z konusu ki\u015finin ad\u0131na Hizmete eri\u015fti\u011fi veya Hizmeti kulland\u0131\u011f\u0131 \u015firket veya di\u011fer t\u00fczel ki\u015filik.<\/li>\n<\/ul>\n\n\n\n<h2 class=\"wp-block-heading\"><strong>Ki\u015fisel Verilerinizin Toplanmas\u0131 ve Kullan\u0131m\u0131<\/strong><\/h2>\n\n\n\n<h3 class=\"wp-block-heading\"><strong>Toplanan Veri T\u00fcrleri<\/strong><\/h3>\n\n\n\n<h4 class=\"wp-block-heading has-mercury-white-color has-text-color has-link-color wp-elements-43d462929679fb9a206e0ce4ff6c641a\"><strong>Ki\u015fisel Bilgiler<\/strong><\/h4>\n\n\n\n<p>Hizmetimizi kullan\u0131rken, sizinle ileti\u015fim kurmak veya sizi tan\u0131mlamak i\u00e7in kullan\u0131labilecek belirli ki\u015fisel olarak tan\u0131mlanabilir bilgileri bize sa\u011flaman\u0131z\u0131 isteyebiliriz. Bu, e-posta adresinizi ve telefon numaran\u0131z\u0131 i\u00e7erebilir, ancak bunlarla s\u0131n\u0131rl\u0131 de\u011fildir.<\/p>\n\n\n\n<h4 class=\"wp-block-heading has-mercury-white-color has-text-color has-link-color wp-elements-f73df151d86febaad92d13b006b3a710\"><strong>Kullan\u0131m Verileri<\/strong><\/h4>\n\n\n\n<p>Kullan\u0131m Verileri, Hizmeti kullan\u0131rken otomatik olarak toplan\u0131r. Bu, Cihaz\u0131n\u0131z\u0131n \u0130nternet Protokol\u00fc (IP) adresi, taray\u0131c\u0131 t\u00fcr\u00fc, taray\u0131c\u0131 s\u00fcr\u00fcm\u00fc, Hizmetimizin ziyaret etti\u011finiz sayfalar\u0131, ziyaretinizin saati ve tarihi, bu sayfalarda ge\u00e7irilen s\u00fcre, benzersiz cihaz tan\u0131mlay\u0131c\u0131lar\u0131 ve di\u011fer te\u015fhis verileri gibi bilgileri i\u00e7erebilir.<\/p>\n\n\n\n<h4 class=\"wp-block-heading has-mercury-white-color has-text-color has-link-color wp-elements-62b381de78f7d28e28e11f319de4d7e4\"><strong>\u0130zleme Teknolojileri ve \u00c7erezler<\/strong><\/h4>\n\n\n\n<p>Hizmetimizdeki etkinli\u011fi izlemek ve belirli bilgileri tutmak i\u00e7in \u00c7erezleri ve benzer izleme teknolojilerini kullan\u0131r\u0131z. \u00c7erezler, anonim benzersiz bir tan\u0131mlay\u0131c\u0131 i\u00e7erebilen az miktarda veri i\u00e7eren dosyalard\u0131r. \u00c7erezler taray\u0131c\u0131n\u0131za bir web sitesinden g\u00f6nderilir ve cihaz\u0131n\u0131zda saklan\u0131r.<\/p>\n\n\n\n<h3 class=\"wp-block-heading\"><strong>Ki\u015fisel Verilerinizin Kullan\u0131m\u0131<\/strong><\/h3>\n\n\n\n<p>\u015eirket, Ki\u015fisel Verileri a\u015fa\u011f\u0131daki ama\u00e7lar i\u00e7in kullanabilir:<\/p>\n\n\n\n<ul class=\"wp-block-list\">\n<li><strong>Hizmetimizi sa\u011flamak ve s\u00fcrd\u00fcrmek i\u00e7in<\/strong>Hizmetimizin kullan\u0131m\u0131n\u0131n izlenmesi de dahil olmak \u00fczere.<\/li>\n\n\n\n<li><strong>Hesab\u0131n\u0131z\u0131 y\u00f6netmek i\u00e7in<\/strong>: Ki\u015fisel Verileriniz, kay\u0131tl\u0131 kullan\u0131c\u0131lara sunulan Hizmetin farkl\u0131 i\u015flevlerine eri\u015fmenizi sa\u011flayabilir.<\/li>\n\n\n\n<li><strong>\u0130\u015fletme transferleri i\u00e7in<\/strong>: Bilgilerinizi bir birle\u015fme, varl\u0131k sat\u0131\u015f\u0131 veya devralmay\u0131 de\u011ferlendirmek veya y\u00fcr\u00fctmek i\u00e7in kullanabiliriz.<\/li>\n\n\n\n<li><strong>M\u00fc\u015fteri deste\u011fi sa\u011flamak<\/strong>veri g\u00fcvenli\u011fini art\u0131r\u0131r ve doland\u0131r\u0131c\u0131l\u0131\u011f\u0131 \u00f6nler.<\/li>\n<\/ul>\n\n\n\n<h3 class=\"wp-block-heading\"><strong>Ki\u015fisel Verilerinizin \u0130f\u015fas\u0131<\/strong><\/h3>\n\n\n\n<p>Ki\u015fisel bilgilerinizi a\u015fa\u011f\u0131daki durumlarda payla\u015fabiliriz:<\/p>\n\n\n\n<ul class=\"wp-block-list\">\n<li><strong>Hizmet Sa\u011flay\u0131c\u0131larla<\/strong>: Hizmetimizin kullan\u0131m\u0131n\u0131 izlemek ve analiz etmek i\u00e7in ki\u015fisel bilgilerinizi Hizmet Sa\u011flay\u0131c\u0131larla payla\u015f\u0131yoruz.<\/li>\n\n\n\n<li><strong>\u0130\u015fletme Transferleri \u0130\u00e7in<\/strong>: Ki\u015fisel bilgilerinizi, herhangi bir birle\u015fme, \u015eirket varl\u0131klar\u0131n\u0131n sat\u0131\u015f\u0131, finansman veya i\u015fimizin tamam\u0131n\u0131n veya bir k\u0131sm\u0131n\u0131n ba\u015fka bir \u015firkete devredilmesi ile ba\u011flant\u0131l\u0131 olarak veya bunlar\u0131n m\u00fczakereleri s\u0131ras\u0131nda payla\u015fabilir veya aktarabiliriz.<\/li>\n\n\n\n<li><strong>\u0130\u015ftirakler ile<\/strong>: Bilgilerinizi i\u015ftiraklerimizle payla\u015fabiliriz, bu durumda s\u00f6z konusu i\u015ftiraklerin bu Gizlilik Politikas\u0131na uymas\u0131n\u0131 zorunlu k\u0131lar\u0131z.<\/li>\n\n\n\n<li><strong>\u0130\u015f Ortaklar\u0131 ile<\/strong>: Size belirli \u00fcr\u00fcnler, hizmetler veya promosyonlar sunmak i\u00e7in.<\/li>\n<\/ul>\n\n\n\n<h3 class=\"wp-block-heading\"><strong>Ki\u015fisel Verilerinizin Saklanmas\u0131<\/strong><\/h3>\n\n\n\n<p>\u015eirket, Ki\u015fisel Verilerinizi yaln\u0131zca bu Gizlilik Politikas\u0131nda belirtilen ama\u00e7lar i\u00e7in gerekli oldu\u011fu s\u00fcrece saklayacakt\u0131r. Ki\u015fisel Verilerinizi yasal y\u00fck\u00fcml\u00fcl\u00fcklerimize uymak, anla\u015fmazl\u0131klar\u0131 \u00e7\u00f6zmek ve yasal anla\u015fmalar\u0131m\u0131z\u0131 ve politikalar\u0131m\u0131z\u0131 uygulamak i\u00e7in gerekli oldu\u011fu \u00f6l\u00e7\u00fcde saklayacak ve kullanaca\u011f\u0131z.<\/p>\n\n\n\n<h3 class=\"wp-block-heading\"><strong>Ki\u015fisel Verilerinizin G\u00fcvenli\u011fi<\/strong><\/h3>\n\n\n\n<p>Ki\u015fisel Verilerinizin g\u00fcvenli\u011fi bizim i\u00e7in \u00f6nemlidir. Ancak, \u0130nternet \u00fczerinden hi\u00e7bir iletim y\u00f6ntemi veya elektronik depolama y\u00f6ntemi 100% g\u00fcvenli de\u011fildir. Ki\u015fisel Verilerinizi korumak i\u00e7in ticari olarak kabul edilebilir ara\u00e7lar kullanmaya \u00e7al\u0131\u015fsak da, mutlak g\u00fcvenli\u011fini garanti edemeyiz.<\/p>\n\n\n\n<h2 class=\"wp-block-heading\"><strong>Bize Ula\u015f\u0131n<\/strong><\/h2>\n\n\n\n<p>Bu Gizlilik Politikas\u0131 hakk\u0131nda herhangi bir sorunuz varsa, l\u00fctfen <a href=\"https:\/\/turbominesgame.com\/tr\/contact-us\/\">Bize ula\u015f\u0131n<\/a>.<\/p>","protected":false},"excerpt":{"rendered":"<p>Gizlilik Politikas\u0131 Son g\u00fcncelleme: 28 Haziran 2024 Bu Gizlilik Politikas\u0131, https:\/\/turbominesgame.com\/ (\"Hizmet\" olarak an\u0131lacakt\u0131r) kullan\u0131c\u0131lar\u0131ndan ald\u0131\u011f\u0131m\u0131z ki\u015fisel bilgilerin toplanmas\u0131, kullan\u0131lmas\u0131 ve if\u015fa edilmesine ili\u015fkin politika ve prosed\u00fcrleri a\u00e7\u0131klamaktad\u0131r. Ayr\u0131ca gizlilik haklar\u0131n\u0131z\u0131 ve yasalarca sa\u011flanan korumalar\u0131 da \u00f6zetlemektedir. Kendimizi gizlili\u011fimizi korumaya ve sayg\u0131 g\u00f6stermeye adad\u0131k [...]<\/p>","protected":false},"author":1,"featured_media":0,"parent":0,"menu_order":0,"comment_status":"closed","ping_status":"closed","template":"page-without-title.php","meta":{"footnotes":""},"class_list":["post-159","page","type-page","status-publish","hentry"],"yoast_head":"<!-- This site is optimized with the Yoast SEO plugin v20.12 - https:\/\/yoast.com\/wordpress\/plugins\/seo\/ -->\n<title>Privacy Policy | turbominesgame.com<\/title>\n<meta name=\"description\" content=\"Learn about how we collect, use and protect your personal information and the measures we take to keep your data secure.\" \/>\n<meta name=\"robots\" content=\"index, follow, max-snippet:-1, max-image-preview:large, max-video-preview:-1\" \/>\n<link rel=\"canonical\" href=\"https:\/\/turbominesgame.com\/tr\/privacy-policy\/\" \/>\n<meta property=\"og:locale\" content=\"tr_TR\" \/>\n<meta property=\"og:type\" content=\"article\" \/>\n<meta property=\"og:title\" content=\"Privacy Policy | turbominesgame.com\" \/>\n<meta property=\"og:description\" content=\"Learn about how we collect, use and protect your personal information and the measures we take to keep your data secure.\" \/>\n<meta property=\"og:url\" content=\"https:\/\/turbominesgame.com\/tr\/privacy-policy\/\" \/>\n<meta property=\"og:site_name\" content=\"Mines by Turbo Games\" \/>\n<meta property=\"article:modified_time\" content=\"2024-06-28T14:26:37+00:00\" \/>\n<meta name=\"twitter:card\" content=\"summary_large_image\" \/>\n<meta name=\"twitter:label1\" content=\"Tahmini okuma s\u00fcresi\" \/>\n\t<meta name=\"twitter:data1\" content=\"4 dakika\" \/>\n<script type=\"application\/ld+json\" class=\"yoast-schema-graph\">{\"@context\":\"https:\/\/schema.org\",\"@graph\":[{\"@type\":\"WebPage\",\"@id\":\"https:\/\/turbominesgame.com\/privacy-policy\/\",\"url\":\"https:\/\/turbominesgame.com\/privacy-policy\/\",\"name\":\"Privacy Policy | turbominesgame.com\",\"isPartOf\":{\"@id\":\"https:\/\/turbominesgame.com\/#website\"},\"datePublished\":\"2024-06-28T14:26:34+00:00\",\"dateModified\":\"2024-06-28T14:26:37+00:00\",\"description\":\"Learn about how we collect, use and protect your personal information and the measures we take to keep your data secure.\",\"breadcrumb\":{\"@id\":\"https:\/\/turbominesgame.com\/privacy-policy\/#breadcrumb\"},\"inLanguage\":\"tr\",\"potentialAction\":[{\"@type\":\"ReadAction\",\"target\":[\"https:\/\/turbominesgame.com\/privacy-policy\/\"]}]},{\"@type\":\"BreadcrumbList\",\"@id\":\"https:\/\/turbominesgame.com\/privacy-policy\/#breadcrumb\",\"itemListElement\":[{\"@type\":\"ListItem\",\"position\":1,\"name\":\"Home\",\"item\":\"https:\/\/turbominesgame.com\/\"},{\"@type\":\"ListItem\",\"position\":2,\"name\":\"Privacy Policy\"}]},{\"@type\":\"WebSite\",\"@id\":\"https:\/\/turbominesgame.com\/#website\",\"url\":\"https:\/\/turbominesgame.com\/\",\"name\":\"Mines by Turbo Games\",\"description\":\"Turbo Games Mines\",\"publisher\":{\"@id\":\"https:\/\/turbominesgame.com\/#organization\"},\"potentialAction\":[{\"@type\":\"SearchAction\",\"target\":{\"@type\":\"EntryPoint\",\"urlTemplate\":\"https:\/\/turbominesgame.com\/?s={search_term_string}\"},\"query-input\":\"required name=search_term_string\"}],\"inLanguage\":\"tr\"},{\"@type\":\"Organization\",\"@id\":\"https:\/\/turbominesgame.com\/#organization\",\"name\":\"Mines by Turbo Games\",\"url\":\"https:\/\/turbominesgame.com\/\",\"logo\":{\"@type\":\"ImageObject\",\"inLanguage\":\"tr\",\"@id\":\"https:\/\/turbominesgame.com\/#\/schema\/logo\/image\/\",\"url\":\"https:\/\/turbominesgame.com\/wp-content\/uploads\/2023\/07\/Mines-by-Turbo-Games-logo.png\",\"contentUrl\":\"https:\/\/turbominesgame.com\/wp-content\/uploads\/2023\/07\/Mines-by-Turbo-Games-logo.png\",\"width\":300,\"height\":178,\"caption\":\"Mines by Turbo Games\"},\"image\":{\"@id\":\"https:\/\/turbominesgame.com\/#\/schema\/logo\/image\/\"}}]}<\/script>\n<!-- \/ Yoast SEO plugin. -->","yoast_head_json":{"title":"Privacy Policy | turbominesgame.com","description":"Learn about how we collect, use and protect your personal information and the measures we take to keep your data secure.","robots":{"index":"index","follow":"follow","max-snippet":"max-snippet:-1","max-image-preview":"max-image-preview:large","max-video-preview":"max-video-preview:-1"},"canonical":"https:\/\/turbominesgame.com\/tr\/privacy-policy\/","og_locale":"tr_TR","og_type":"article","og_title":"Privacy Policy | turbominesgame.com","og_description":"Learn about how we collect, use and protect your personal information and the measures we take to keep your data secure.","og_url":"https:\/\/turbominesgame.com\/tr\/privacy-policy\/","og_site_name":"Mines by Turbo Games","article_modified_time":"2024-06-28T14:26:37+00:00","twitter_card":"summary_large_image","twitter_misc":{"Tahmini okuma s\u00fcresi":"4 dakika"},"schema":{"@context":"https:\/\/schema.org","@graph":[{"@type":"WebPage","@id":"https:\/\/turbominesgame.com\/privacy-policy\/","url":"https:\/\/turbominesgame.com\/privacy-policy\/","name":"Privacy Policy | turbominesgame.com","isPartOf":{"@id":"https:\/\/turbominesgame.com\/#website"},"datePublished":"2024-06-28T14:26:34+00:00","dateModified":"2024-06-28T14:26:37+00:00","description":"Learn about how we collect, use and protect your personal information and the measures we take to keep your data secure.","breadcrumb":{"@id":"https:\/\/turbominesgame.com\/privacy-policy\/#breadcrumb"},"inLanguage":"tr","potentialAction":[{"@type":"ReadAction","target":["https:\/\/turbominesgame.com\/privacy-policy\/"]}]},{"@type":"BreadcrumbList","@id":"https:\/\/turbominesgame.com\/privacy-policy\/#breadcrumb","itemListElement":[{"@type":"ListItem","position":1,"name":"Home","item":"https:\/\/turbominesgame.com\/"},{"@type":"ListItem","position":2,"name":"Privacy Policy"}]},{"@type":"WebSite","@id":"https:\/\/turbominesgame.com\/#website","url":"https:\/\/turbominesgame.com\/","name":"Mines by Turbo Games","description":"Turbo Games Mines","publisher":{"@id":"https:\/\/turbominesgame.com\/#organization"},"potentialAction":[{"@type":"SearchAction","target":{"@type":"EntryPoint","urlTemplate":"https:\/\/turbominesgame.com\/?s={search_term_string}"},"query-input":"required name=search_term_string"}],"inLanguage":"tr"},{"@type":"Organization","@id":"https:\/\/turbominesgame.com\/#organization","name":"Mines by Turbo Games","url":"https:\/\/turbominesgame.com\/","logo":{"@type":"ImageObject","inLanguage":"tr","@id":"https:\/\/turbominesgame.com\/#\/schema\/logo\/image\/","url":"https:\/\/turbominesgame.com\/wp-content\/uploads\/2023\/07\/Mines-by-Turbo-Games-logo.png","contentUrl":"https:\/\/turbominesgame.com\/wp-content\/uploads\/2023\/07\/Mines-by-Turbo-Games-logo.png","width":300,"height":178,"caption":"Mines by Turbo Games"},"image":{"@id":"https:\/\/turbominesgame.com\/#\/schema\/logo\/image\/"}}]}},"_links":{"self":[{"href":"https:\/\/turbominesgame.com\/tr\/wp-json\/wp\/v2\/pages\/159","targetHints":{"allow":["GET"]}}],"collection":[{"href":"https:\/\/turbominesgame.com\/tr\/wp-json\/wp\/v2\/pages"}],"about":[{"href":"https:\/\/turbominesgame.com\/tr\/wp-json\/wp\/v2\/types\/page"}],"author":[{"embeddable":true,"href":"https:\/\/turbominesgame.com\/tr\/wp-json\/wp\/v2\/users\/1"}],"replies":[{"embeddable":true,"href":"https:\/\/turbominesgame.com\/tr\/wp-json\/wp\/v2\/comments?post=159"}],"version-history":[{"count":3,"href":"https:\/\/turbominesgame.com\/tr\/wp-json\/wp\/v2\/pages\/159\/revisions"}],"predecessor-version":[{"id":184,"href":"https:\/\/turbominesgame.com\/tr\/wp-json\/wp\/v2\/pages\/159\/revisions\/184"}],"wp:attachment":[{"href":"https:\/\/turbominesgame.com\/tr\/wp-json\/wp\/v2\/media?parent=159"}],"curies":[{"name":"wp","href":"https:\/\/api.w.org\/{rel}","templated":true}]}}