{"id":182,"date":"2024-06-28T14:21:39","date_gmt":"2024-06-28T14:21:39","guid":{"rendered":"https:\/\/turbominesgame.com\/?page_id=182"},"modified":"2024-06-28T14:21:43","modified_gmt":"2024-06-28T14:21:43","slug":"contact-us","status":"publish","type":"page","link":"https:\/\/turbominesgame.com\/tr\/contact-us\/","title":{"rendered":"Bize Ula\u015f\u0131n"},"content":{"rendered":"<h1 class=\"wp-block-heading has-mercury-white-color has-text-color has-link-color wp-elements-628b89b9f25d78b10bbf218171eebf3c\">Bize Ula\u015f\u0131n<\/h1>\n\n\n\n<p>Herhangi bir sorunuz varsa, l\u00fctfen a\u015fa\u011f\u0131daki formu doldurarak bizimle ileti\u015fime ge\u00e7in.<\/p>\n\n\n\n<div class=\"wpcf7 no-js\" id=\"wpcf7-f181-o1\" lang=\"en-US\" dir=\"ltr\">\n<div class=\"screen-reader-response\"><p role=\"status\" aria-live=\"polite\" aria-atomic=\"true\"><\/p> <ul><\/ul><\/div>\n<form action=\"\/tr\/wp-json\/wp\/v2\/pages\/182#wpcf7-f181-o1\" method=\"post\" class=\"wpcf7-form init\" aria-label=\"\u0130leti\u015fim formu\" novalidate=\"novalidate\" data-status=\"init\" data-trp-original-action=\"\/tr\/wp-json\/wp\/v2\/pages\/182#wpcf7-f181-o1\">\n<div style=\"display: none;\">\n<input type=\"hidden\" name=\"_wpcf7\" value=\"181\" \/>\n<input type=\"hidden\" name=\"_wpcf7_version\" value=\"5.9.6\" \/>\n<input type=\"hidden\" name=\"_wpcf7_locale\" value=\"en_US\" \/>\n<input type=\"hidden\" name=\"_wpcf7_unit_tag\" value=\"wpcf7-f181-o1\" \/>\n<input type=\"hidden\" name=\"_wpcf7_container_post\" value=\"0\" \/>\n<input type=\"hidden\" name=\"_wpcf7_posted_data_hash\" value=\"\" \/>\n<\/div>\n<p><label> Sizin ad\u0131n\u0131z<br \/>\n<span class=\"wpcf7-form-control-wrap\" data-name=\"your-name\"><input size=\"40\" maxlength=\"80\" class=\"wpcf7-form-control wpcf7-text wpcf7-validates-as-required\" autocomplete=\"name\" aria-required=\"true\" aria-invalid=\"false\" value=\"\" type=\"text\" name=\"your-name\" \/><\/span> <\/label>\n<\/p>\n<p><label> E-posta adresiniz<br \/>\n<span class=\"wpcf7-form-control-wrap\" data-name=\"your-email\"><input size=\"40\" maxlength=\"80\" class=\"wpcf7-form-control wpcf7-email wpcf7-validates-as-required wpcf7-text wpcf7-validates-as-email\" autocomplete=\"email\" aria-required=\"true\" aria-invalid=\"false\" value=\"\" type=\"email\" name=\"your-email\" \/><\/span> <\/label>\n<\/p>\n<p><label> Konu<br \/>\n<span class=\"wpcf7-form-control-wrap\" data-name=\"your-subject\"><input size=\"40\" maxlength=\"80\" class=\"wpcf7-form-control wpcf7-text wpcf7-validates-as-required\" aria-required=\"true\" aria-invalid=\"false\" value=\"\" type=\"text\" name=\"your-subject\" \/><\/span> <\/label>\n<\/p>\n<p><label> Mesaj\u0131n\u0131z (iste\u011fe ba\u011fl\u0131)<br \/>\n<span class=\"wpcf7-form-control-wrap\" data-name=\"your-message\"><textarea cols=\"40\" rows=\"10\" maxlength=\"400\" class=\"wpcf7-form-control wpcf7-textarea\" aria-invalid=\"false\" name=\"your-message\"><\/textarea><\/span> <\/label>\n<\/p>\n<p><input class=\"wpcf7-form-control wpcf7-submit has-spinner\" type=\"submit\" value=\"G\u00f6nder\" \/>\n<\/p><input type='hidden' class='wpcf7-pum' value='{\"closepopup\":false,\"closedelay\":0,\"openpopup\":false,\"openpopup_id\":0}' \/><div class=\"wpcf7-response-output\" aria-hidden=\"true\"><\/div>\n<input type=\"hidden\" name=\"trp-form-language\" value=\"tr\"\/><\/form>\n<\/div>","protected":false},"excerpt":{"rendered":"<p>Bize Ula\u015f\u0131n Herhangi bir sorunuz varsa, l\u00fctfen a\u015fa\u011f\u0131daki formu doldurarak bizimle ileti\u015fime ge\u00e7in.<\/p>","protected":false},"author":1,"featured_media":0,"parent":0,"menu_order":0,"comment_status":"closed","ping_status":"closed","template":"page-without-title.php","meta":{"footnotes":""},"class_list":["post-182","page","type-page","status-publish","hentry"],"yoast_head":"<!-- This site is optimized with the Yoast SEO plugin v20.12 - https:\/\/yoast.com\/wordpress\/plugins\/seo\/ -->\n<title>Contact Us<\/title>\n<meta name=\"description\" content=\"If you have any questions, please contact us.\" \/>\n<meta name=\"robots\" content=\"index, follow, max-snippet:-1, max-image-preview:large, max-video-preview:-1\" \/>\n<link rel=\"canonical\" href=\"https:\/\/turbominesgame.com\/tr\/contact-us\/\" \/>\n<meta property=\"og:locale\" content=\"tr_TR\" \/>\n<meta property=\"og:type\" content=\"article\" \/>\n<meta property=\"og:title\" content=\"Contact Us\" \/>\n<meta property=\"og:description\" content=\"If you have any questions, please contact us.\" \/>\n<meta property=\"og:url\" content=\"https:\/\/turbominesgame.com\/tr\/contact-us\/\" \/>\n<meta property=\"og:site_name\" content=\"Mines by Turbo Games\" \/>\n<meta property=\"article:modified_time\" content=\"2024-06-28T14:21:43+00:00\" \/>\n<meta name=\"twitter:card\" content=\"summary_large_image\" \/>\n<meta name=\"twitter:label1\" content=\"Tahmini okuma s\u00fcresi\" \/>\n\t<meta name=\"twitter:data1\" content=\"1 dakika\" \/>\n<script type=\"application\/ld+json\" class=\"yoast-schema-graph\">{\"@context\":\"https:\/\/schema.org\",\"@graph\":[{\"@type\":\"WebPage\",\"@id\":\"https:\/\/turbominesgame.com\/contact-us\/\",\"url\":\"https:\/\/turbominesgame.com\/contact-us\/\",\"name\":\"Contact Us\",\"isPartOf\":{\"@id\":\"https:\/\/turbominesgame.com\/#website\"},\"datePublished\":\"2024-06-28T14:21:39+00:00\",\"dateModified\":\"2024-06-28T14:21:43+00:00\",\"description\":\"If you have any questions, please contact us.\",\"breadcrumb\":{\"@id\":\"https:\/\/turbominesgame.com\/contact-us\/#breadcrumb\"},\"inLanguage\":\"tr\",\"potentialAction\":[{\"@type\":\"ReadAction\",\"target\":[\"https:\/\/turbominesgame.com\/contact-us\/\"]}]},{\"@type\":\"BreadcrumbList\",\"@id\":\"https:\/\/turbominesgame.com\/contact-us\/#breadcrumb\",\"itemListElement\":[{\"@type\":\"ListItem\",\"position\":1,\"name\":\"Home\",\"item\":\"https:\/\/turbominesgame.com\/\"},{\"@type\":\"ListItem\",\"position\":2,\"name\":\"Contact Us\"}]},{\"@type\":\"WebSite\",\"@id\":\"https:\/\/turbominesgame.com\/#website\",\"url\":\"https:\/\/turbominesgame.com\/\",\"name\":\"Mines by Turbo Games\",\"description\":\"Turbo Games Mines\",\"publisher\":{\"@id\":\"https:\/\/turbominesgame.com\/#organization\"},\"potentialAction\":[{\"@type\":\"SearchAction\",\"target\":{\"@type\":\"EntryPoint\",\"urlTemplate\":\"https:\/\/turbominesgame.com\/?s={search_term_string}\"},\"query-input\":\"required name=search_term_string\"}],\"inLanguage\":\"tr\"},{\"@type\":\"Organization\",\"@id\":\"https:\/\/turbominesgame.com\/#organization\",\"name\":\"Mines by Turbo Games\",\"url\":\"https:\/\/turbominesgame.com\/\",\"logo\":{\"@type\":\"ImageObject\",\"inLanguage\":\"tr\",\"@id\":\"https:\/\/turbominesgame.com\/#\/schema\/logo\/image\/\",\"url\":\"https:\/\/turbominesgame.com\/wp-content\/uploads\/2023\/07\/Mines-by-Turbo-Games-logo.png\",\"contentUrl\":\"https:\/\/turbominesgame.com\/wp-content\/uploads\/2023\/07\/Mines-by-Turbo-Games-logo.png\",\"width\":300,\"height\":178,\"caption\":\"Mines by Turbo Games\"},\"image\":{\"@id\":\"https:\/\/turbominesgame.com\/#\/schema\/logo\/image\/\"}}]}<\/script>\n<!-- \/ Yoast SEO plugin. -->","yoast_head_json":{"title":"Contact Us","description":"If you have any questions, please contact us.","robots":{"index":"index","follow":"follow","max-snippet":"max-snippet:-1","max-image-preview":"max-image-preview:large","max-video-preview":"max-video-preview:-1"},"canonical":"https:\/\/turbominesgame.com\/tr\/contact-us\/","og_locale":"tr_TR","og_type":"article","og_title":"Contact Us","og_description":"If you have any questions, please contact us.","og_url":"https:\/\/turbominesgame.com\/tr\/contact-us\/","og_site_name":"Mines by Turbo Games","article_modified_time":"2024-06-28T14:21:43+00:00","twitter_card":"summary_large_image","twitter_misc":{"Tahmini okuma s\u00fcresi":"1 dakika"},"schema":{"@context":"https:\/\/schema.org","@graph":[{"@type":"WebPage","@id":"https:\/\/turbominesgame.com\/contact-us\/","url":"https:\/\/turbominesgame.com\/contact-us\/","name":"Contact Us","isPartOf":{"@id":"https:\/\/turbominesgame.com\/#website"},"datePublished":"2024-06-28T14:21:39+00:00","dateModified":"2024-06-28T14:21:43+00:00","description":"If you have any questions, please contact us.","breadcrumb":{"@id":"https:\/\/turbominesgame.com\/contact-us\/#breadcrumb"},"inLanguage":"tr","potentialAction":[{"@type":"ReadAction","target":["https:\/\/turbominesgame.com\/contact-us\/"]}]},{"@type":"BreadcrumbList","@id":"https:\/\/turbominesgame.com\/contact-us\/#breadcrumb","itemListElement":[{"@type":"ListItem","position":1,"name":"Home","item":"https:\/\/turbominesgame.com\/"},{"@type":"ListItem","position":2,"name":"Contact Us"}]},{"@type":"WebSite","@id":"https:\/\/turbominesgame.com\/#website","url":"https:\/\/turbominesgame.com\/","name":"Mines by Turbo Games","description":"Turbo Games Mines","publisher":{"@id":"https:\/\/turbominesgame.com\/#organization"},"potentialAction":[{"@type":"SearchAction","target":{"@type":"EntryPoint","urlTemplate":"https:\/\/turbominesgame.com\/?s={search_term_string}"},"query-input":"required name=search_term_string"}],"inLanguage":"tr"},{"@type":"Organization","@id":"https:\/\/turbominesgame.com\/#organization","name":"Mines by Turbo Games","url":"https:\/\/turbominesgame.com\/","logo":{"@type":"ImageObject","inLanguage":"tr","@id":"https:\/\/turbominesgame.com\/#\/schema\/logo\/image\/","url":"https:\/\/turbominesgame.com\/wp-content\/uploads\/2023\/07\/Mines-by-Turbo-Games-logo.png","contentUrl":"https:\/\/turbominesgame.com\/wp-content\/uploads\/2023\/07\/Mines-by-Turbo-Games-logo.png","width":300,"height":178,"caption":"Mines by Turbo Games"},"image":{"@id":"https:\/\/turbominesgame.com\/#\/schema\/logo\/image\/"}}]}},"_links":{"self":[{"href":"https:\/\/turbominesgame.com\/tr\/wp-json\/wp\/v2\/pages\/182","targetHints":{"allow":["GET"]}}],"collection":[{"href":"https:\/\/turbominesgame.com\/tr\/wp-json\/wp\/v2\/pages"}],"about":[{"href":"https:\/\/turbominesgame.com\/tr\/wp-json\/wp\/v2\/types\/page"}],"author":[{"embeddable":true,"href":"https:\/\/turbominesgame.com\/tr\/wp-json\/wp\/v2\/users\/1"}],"replies":[{"embeddable":true,"href":"https:\/\/turbominesgame.com\/tr\/wp-json\/wp\/v2\/comments?post=182"}],"version-history":[{"count":1,"href":"https:\/\/turbominesgame.com\/tr\/wp-json\/wp\/v2\/pages\/182\/revisions"}],"predecessor-version":[{"id":183,"href":"https:\/\/turbominesgame.com\/tr\/wp-json\/wp\/v2\/pages\/182\/revisions\/183"}],"wp:attachment":[{"href":"https:\/\/turbominesgame.com\/tr\/wp-json\/wp\/v2\/media?parent=182"}],"curies":[{"name":"wp","href":"https:\/\/api.w.org\/{rel}","templated":true}]}}